{"id":16471,"date":"2024-11-27T01:28:09","date_gmt":"2024-11-26T22:28:09","guid":{"rendered":"https:\/\/kervanmagazacilik.com\/?post_type=product&#038;p=16471"},"modified":"2024-11-27T01:28:09","modified_gmt":"2024-11-26T22:28:09","slug":"284ek0000011","status":"publish","type":"product","link":"https:\/\/kervanmagazacilik.com\/index.php\/urun\/284ek0000011\/","title":{"rendered":"284EK0000011"},"content":{"rendered":"<p>284EK0000011<\/p>\n<p>SMART HALI 0336 SM 12 ANTRASIT XW 120&#215;180<\/p>\n<p>Y\u0131kanabilir Hav Toz vermez Modern Desenli \u0130nce Dokuma Hal\u0131 %65 Akrilik \u015e\u00f6nil &#8211; %20 Pamuk &#8211; %15 Polyester<\/p>\n","protected":false},"excerpt":{"rendered":"<p>284EK0000011 SMART HALI 0336 SM 12 ANTRASIT XW 120&#215;180 Y\u0131kanabilir Hav Toz vermez Modern Desenli \u0130nce Dokuma Hal\u0131 %65 Akrilik \u015e\u00f6nil &#8211; %20 Pamuk &#8211; %15 Polyester<\/p>\n","protected":false},"featured_media":16472,"template":"","meta":[],"product_brand":[],"product_cat":[3735],"product_tag":[3739],"class_list":{"0":"post-16471","1":"product","2":"type-product","3":"status-publish","4":"has-post-thumbnail","6":"product_cat-284ek","7":"product_tag-284ek0000011","9":"first","10":"instock","11":"taxable","12":"shipping-taxable","13":"product-type-simple"},"_links":{"self":[{"href":"https:\/\/kervanmagazacilik.com\/index.php\/wp-json\/wp\/v2\/product\/16471","targetHints":{"allow":["GET"]}}],"collection":[{"href":"https:\/\/kervanmagazacilik.com\/index.php\/wp-json\/wp\/v2\/product"}],"about":[{"href":"https:\/\/kervanmagazacilik.com\/index.php\/wp-json\/wp\/v2\/types\/product"}],"wp:featuredmedia":[{"embeddable":true,"href":"https:\/\/kervanmagazacilik.com\/index.php\/wp-json\/wp\/v2\/media\/16472"}],"wp:attachment":[{"href":"https:\/\/kervanmagazacilik.com\/index.php\/wp-json\/wp\/v2\/media?parent=16471"}],"wp:term":[{"taxonomy":"product_brand","embeddable":true,"href":"https:\/\/kervanmagazacilik.com\/index.php\/wp-json\/wp\/v2\/product_brand?post=16471"},{"taxonomy":"product_cat","embeddable":true,"href":"https:\/\/kervanmagazacilik.com\/index.php\/wp-json\/wp\/v2\/product_cat?post=16471"},{"taxonomy":"product_tag","embeddable":true,"href":"https:\/\/kervanmagazacilik.com\/index.php\/wp-json\/wp\/v2\/product_tag?post=16471"}],"curies":[{"name":"wp","href":"https:\/\/api.w.org\/{rel}","templated":true}]}}