{"id":16456,"date":"2024-11-27T01:07:12","date_gmt":"2024-11-26T22:07:12","guid":{"rendered":"https:\/\/kervanmagazacilik.com\/?post_type=product&#038;p=16456"},"modified":"2024-11-27T01:08:39","modified_gmt":"2024-11-26T22:08:39","slug":"241can000011-3","status":"publish","type":"product","link":"https:\/\/kervanmagazacilik.com\/index.php\/urun\/241can000011-3\/","title":{"rendered":"241YKT000002"},"content":{"rendered":"<p>241YKT000002<\/p>\n<p>VANITY RUNNER 40x120cm<\/p>\n<p>SUN\u0130 DER\u0130<\/p>\n<p>HAF\u0130F NEML\u0130 BEZLE S\u0130L\u0130NEB\u0130L\u0130R.<\/p>\n","protected":false},"excerpt":{"rendered":"<p>241YKT000002 VANITY RUNNER 40x120cm SUN\u0130 DER\u0130 HAF\u0130F NEML\u0130 BEZLE S\u0130L\u0130NEB\u0130L\u0130R.<\/p>\n","protected":false},"featured_media":16457,"template":"","meta":[],"product_brand":[],"product_cat":[2924],"product_tag":[2925],"class_list":{"0":"post-16456","1":"product","2":"type-product","3":"status-publish","4":"has-post-thumbnail","6":"product_cat-241ykt","7":"product_tag-241ykt000002","9":"first","10":"instock","11":"taxable","12":"shipping-taxable","13":"product-type-simple"},"_links":{"self":[{"href":"https:\/\/kervanmagazacilik.com\/index.php\/wp-json\/wp\/v2\/product\/16456","targetHints":{"allow":["GET"]}}],"collection":[{"href":"https:\/\/kervanmagazacilik.com\/index.php\/wp-json\/wp\/v2\/product"}],"about":[{"href":"https:\/\/kervanmagazacilik.com\/index.php\/wp-json\/wp\/v2\/types\/product"}],"wp:featuredmedia":[{"embeddable":true,"href":"https:\/\/kervanmagazacilik.com\/index.php\/wp-json\/wp\/v2\/media\/16457"}],"wp:attachment":[{"href":"https:\/\/kervanmagazacilik.com\/index.php\/wp-json\/wp\/v2\/media?parent=16456"}],"wp:term":[{"taxonomy":"product_brand","embeddable":true,"href":"https:\/\/kervanmagazacilik.com\/index.php\/wp-json\/wp\/v2\/product_brand?post=16456"},{"taxonomy":"product_cat","embeddable":true,"href":"https:\/\/kervanmagazacilik.com\/index.php\/wp-json\/wp\/v2\/product_cat?post=16456"},{"taxonomy":"product_tag","embeddable":true,"href":"https:\/\/kervanmagazacilik.com\/index.php\/wp-json\/wp\/v2\/product_tag?post=16456"}],"curies":[{"name":"wp","href":"https:\/\/api.w.org\/{rel}","templated":true}]}}