{"id":16434,"date":"2024-11-27T00:40:22","date_gmt":"2024-11-26T21:40:22","guid":{"rendered":"https:\/\/kervanmagazacilik.com\/?post_type=product&#038;p=16434"},"modified":"2024-11-27T00:40:22","modified_gmt":"2024-11-26T21:40:22","slug":"241063011488","status":"publish","type":"product","link":"https:\/\/kervanmagazacilik.com\/index.php\/urun\/241063011488\/","title":{"rendered":"241063011488"},"content":{"rendered":"<p>241063011488<\/p>\n<p>ROSE DREAM RUNNER 106cm<\/p>\n<p>RUNNER: 106 cm \u00d6l\u00e7\u00fcler +\/- 5 cm de\u011fi\u015fkenlik g\u00f6sterebilir Y\u0131kama yap\u0131lamaz \u00c7ama\u015f\u0131r suyu konamaz Kurutma makinesinde kurutulamaz \u00dct\u00fcleme yap\u0131lamaz<\/p>\n","protected":false},"excerpt":{"rendered":"<p>241063011488 ROSE DREAM RUNNER 106cm RUNNER: 106 cm \u00d6l\u00e7\u00fcler +\/- 5 cm de\u011fi\u015fkenlik g\u00f6sterebilir Y\u0131kama yap\u0131lamaz \u00c7ama\u015f\u0131r suyu konamaz Kurutma makinesinde kurutulamaz \u00dct\u00fcleme yap\u0131lamaz<\/p>\n","protected":false},"featured_media":16435,"template":"","meta":[],"product_brand":[],"product_cat":[3250],"product_tag":[3733],"class_list":{"0":"post-16434","1":"product","2":"type-product","3":"status-publish","4":"has-post-thumbnail","6":"product_cat-3250","7":"product_tag-3733","9":"first","10":"instock","11":"taxable","12":"shipping-taxable","13":"product-type-simple"},"_links":{"self":[{"href":"https:\/\/kervanmagazacilik.com\/index.php\/wp-json\/wp\/v2\/product\/16434","targetHints":{"allow":["GET"]}}],"collection":[{"href":"https:\/\/kervanmagazacilik.com\/index.php\/wp-json\/wp\/v2\/product"}],"about":[{"href":"https:\/\/kervanmagazacilik.com\/index.php\/wp-json\/wp\/v2\/types\/product"}],"wp:featuredmedia":[{"embeddable":true,"href":"https:\/\/kervanmagazacilik.com\/index.php\/wp-json\/wp\/v2\/media\/16435"}],"wp:attachment":[{"href":"https:\/\/kervanmagazacilik.com\/index.php\/wp-json\/wp\/v2\/media?parent=16434"}],"wp:term":[{"taxonomy":"product_brand","embeddable":true,"href":"https:\/\/kervanmagazacilik.com\/index.php\/wp-json\/wp\/v2\/product_brand?post=16434"},{"taxonomy":"product_cat","embeddable":true,"href":"https:\/\/kervanmagazacilik.com\/index.php\/wp-json\/wp\/v2\/product_cat?post=16434"},{"taxonomy":"product_tag","embeddable":true,"href":"https:\/\/kervanmagazacilik.com\/index.php\/wp-json\/wp\/v2\/product_tag?post=16434"}],"curies":[{"name":"wp","href":"https:\/\/api.w.org\/{rel}","templated":true}]}}