{"id":16393,"date":"2024-11-26T23:44:56","date_gmt":"2024-11-26T20:44:56","guid":{"rendered":"https:\/\/kervanmagazacilik.com\/?post_type=product&#038;p=16393"},"modified":"2024-11-26T23:44:56","modified_gmt":"2024-11-26T20:44:56","slug":"900arj000207","status":"publish","type":"product","link":"https:\/\/kervanmagazacilik.com\/index.php\/urun\/900arj000207\/","title":{"rendered":"900ARJ000207"},"content":{"rendered":"<p>900ARJ000207<\/p>\n<p>VINASSA KUCUK VAZO ARAJMAN 40X50 CM<\/p>\n<p>MALZEME: Cam+Plastik<br \/>\nVAZO: Cam, \u00f6l\u00e7\u00fcs\u00fc: 20x20cm<br \/>\n\u00d6l\u00e7\u00fcler +\/- 5 cm de\u011fi\u015fkenlik g\u00f6sterebilir<br \/>\nALT GRUP: DEKORATIF AKSESUAR<br \/>\nHafif nemli bezle silinebilir<\/p>\n","protected":false},"excerpt":{"rendered":"<p>900ARJ000207 VINASSA KUCUK VAZO ARAJMAN 40X50 CM MALZEME: Cam+Plastik VAZO: Cam, \u00f6l\u00e7\u00fcs\u00fc: 20x20cm \u00d6l\u00e7\u00fcler +\/- 5 cm de\u011fi\u015fkenlik g\u00f6sterebilir ALT GRUP: DEKORATIF AKSESUAR Hafif nemli bezle silinebilir<\/p>\n","protected":false},"featured_media":16394,"template":"","meta":[],"product_brand":[],"product_cat":[280],"product_tag":[3728],"class_list":{"0":"post-16393","1":"product","2":"type-product","3":"status-publish","4":"has-post-thumbnail","6":"product_cat-900arj","7":"product_tag-900arj000207","9":"first","10":"instock","11":"taxable","12":"shipping-taxable","13":"product-type-simple"},"_links":{"self":[{"href":"https:\/\/kervanmagazacilik.com\/index.php\/wp-json\/wp\/v2\/product\/16393","targetHints":{"allow":["GET"]}}],"collection":[{"href":"https:\/\/kervanmagazacilik.com\/index.php\/wp-json\/wp\/v2\/product"}],"about":[{"href":"https:\/\/kervanmagazacilik.com\/index.php\/wp-json\/wp\/v2\/types\/product"}],"wp:featuredmedia":[{"embeddable":true,"href":"https:\/\/kervanmagazacilik.com\/index.php\/wp-json\/wp\/v2\/media\/16394"}],"wp:attachment":[{"href":"https:\/\/kervanmagazacilik.com\/index.php\/wp-json\/wp\/v2\/media?parent=16393"}],"wp:term":[{"taxonomy":"product_brand","embeddable":true,"href":"https:\/\/kervanmagazacilik.com\/index.php\/wp-json\/wp\/v2\/product_brand?post=16393"},{"taxonomy":"product_cat","embeddable":true,"href":"https:\/\/kervanmagazacilik.com\/index.php\/wp-json\/wp\/v2\/product_cat?post=16393"},{"taxonomy":"product_tag","embeddable":true,"href":"https:\/\/kervanmagazacilik.com\/index.php\/wp-json\/wp\/v2\/product_tag?post=16393"}],"curies":[{"name":"wp","href":"https:\/\/api.w.org\/{rel}","templated":true}]}}