{"id":16375,"date":"2024-11-26T23:31:12","date_gmt":"2024-11-26T20:31:12","guid":{"rendered":"https:\/\/kervanmagazacilik.com\/?post_type=product&#038;p=16375"},"modified":"2024-11-26T23:31:12","modified_gmt":"2024-11-26T20:31:12","slug":"072063000226","status":"publish","type":"product","link":"https:\/\/kervanmagazacilik.com\/index.php\/urun\/072063000226\/","title":{"rendered":"072063000226"},"content":{"rendered":"<p>072063000226<\/p>\n<p>LORETTA 45X45 KIRLENT BORDO<\/p>\n<div>Kuma\u015f: %100 Polyester<\/div>\n<div>B Kuma\u015f: %100 \u0130pek<\/div>\n<div>Aksesuar, %100 Polyester<\/div>\n<div>30 derece y\u0131kama<\/div>\n<div>\u00c7ama\u015f\u0131r suyu konamaz<\/div>\n<div>Kurutma makinesinde kurutulamaz<\/div>\n<div>D\u00fc\u015f\u00fck \u0131s\u0131da \u00fct\u00fclenmelidir<\/div>\n<div><\/div>\n<div><\/div>\n<div>ALT GRUP: SALON TEKST\u0130L\u0130<\/div>\n","protected":false},"excerpt":{"rendered":"<p>072063000226 LORETTA 45X45 KIRLENT BORDO Kuma\u015f: %100 Polyester B Kuma\u015f: %100 \u0130pek Aksesuar, %100 Polyester 30 derece y\u0131kama \u00c7ama\u015f\u0131r suyu konamaz Kurutma makinesinde kurutulamaz D\u00fc\u015f\u00fck \u0131s\u0131da \u00fct\u00fclenmelidir ALT GRUP: SALON TEKST\u0130L\u0130<\/p>\n","protected":false},"featured_media":0,"template":"","meta":[],"product_brand":[],"product_cat":[3721],"product_tag":[3723],"class_list":{"0":"post-16375","1":"product","2":"type-product","3":"status-publish","5":"product_cat-3721","6":"product_tag-3723","8":"first","9":"instock","10":"taxable","11":"shipping-taxable","12":"product-type-simple"},"_links":{"self":[{"href":"https:\/\/kervanmagazacilik.com\/index.php\/wp-json\/wp\/v2\/product\/16375","targetHints":{"allow":["GET"]}}],"collection":[{"href":"https:\/\/kervanmagazacilik.com\/index.php\/wp-json\/wp\/v2\/product"}],"about":[{"href":"https:\/\/kervanmagazacilik.com\/index.php\/wp-json\/wp\/v2\/types\/product"}],"wp:attachment":[{"href":"https:\/\/kervanmagazacilik.com\/index.php\/wp-json\/wp\/v2\/media?parent=16375"}],"wp:term":[{"taxonomy":"product_brand","embeddable":true,"href":"https:\/\/kervanmagazacilik.com\/index.php\/wp-json\/wp\/v2\/product_brand?post=16375"},{"taxonomy":"product_cat","embeddable":true,"href":"https:\/\/kervanmagazacilik.com\/index.php\/wp-json\/wp\/v2\/product_cat?post=16375"},{"taxonomy":"product_tag","embeddable":true,"href":"https:\/\/kervanmagazacilik.com\/index.php\/wp-json\/wp\/v2\/product_tag?post=16375"}],"curies":[{"name":"wp","href":"https:\/\/api.w.org\/{rel}","templated":true}]}}