{"id":16330,"date":"2024-11-26T23:11:02","date_gmt":"2024-11-26T20:11:02","guid":{"rendered":"https:\/\/kervanmagazacilik.com\/?post_type=product&#038;p=16330"},"modified":"2024-11-26T23:11:02","modified_gmt":"2024-11-26T20:11:02","slug":"142wol000009","status":"publish","type":"product","link":"https:\/\/kervanmagazacilik.com\/index.php\/urun\/142wol000009\/","title":{"rendered":"142WOL000009"},"content":{"rendered":"<p>142WOL000009<\/p>\n<p>\u0130K\u0130L\u0130 45X70 cm \u00c7AM A\u011eA\u00c7LI HAVLU KKIRMIZI<\/p>\n<p>30 derece narin y\u0131kama<br \/>\n\u00c7ama\u015f\u0131r suyu konmaz<br \/>\nKurutma makinesinde kurutulamaz<br \/>\nD\u00fc\u015f\u00fck \u0131s\u0131da \u00fct\u00fclenmelidir<\/p>\n","protected":false},"excerpt":{"rendered":"<p>142WOL000009 \u0130K\u0130L\u0130 45X70 cm \u00c7AM A\u011eA\u00c7LI HAVLU KKIRMIZI 30 derece narin y\u0131kama \u00c7ama\u015f\u0131r suyu konmaz Kurutma makinesinde kurutulamaz D\u00fc\u015f\u00fck \u0131s\u0131da \u00fct\u00fclenmelidir<\/p>\n","protected":false},"featured_media":16331,"template":"","meta":[],"product_brand":[],"product_cat":[3707],"product_tag":[3714],"class_list":{"0":"post-16330","1":"product","2":"type-product","3":"status-publish","4":"has-post-thumbnail","6":"product_cat-142wol","7":"product_tag-142wol000009","9":"first","10":"instock","11":"taxable","12":"shipping-taxable","13":"product-type-simple"},"_links":{"self":[{"href":"https:\/\/kervanmagazacilik.com\/index.php\/wp-json\/wp\/v2\/product\/16330","targetHints":{"allow":["GET"]}}],"collection":[{"href":"https:\/\/kervanmagazacilik.com\/index.php\/wp-json\/wp\/v2\/product"}],"about":[{"href":"https:\/\/kervanmagazacilik.com\/index.php\/wp-json\/wp\/v2\/types\/product"}],"wp:featuredmedia":[{"embeddable":true,"href":"https:\/\/kervanmagazacilik.com\/index.php\/wp-json\/wp\/v2\/media\/16331"}],"wp:attachment":[{"href":"https:\/\/kervanmagazacilik.com\/index.php\/wp-json\/wp\/v2\/media?parent=16330"}],"wp:term":[{"taxonomy":"product_brand","embeddable":true,"href":"https:\/\/kervanmagazacilik.com\/index.php\/wp-json\/wp\/v2\/product_brand?post=16330"},{"taxonomy":"product_cat","embeddable":true,"href":"https:\/\/kervanmagazacilik.com\/index.php\/wp-json\/wp\/v2\/product_cat?post=16330"},{"taxonomy":"product_tag","embeddable":true,"href":"https:\/\/kervanmagazacilik.com\/index.php\/wp-json\/wp\/v2\/product_tag?post=16330"}],"curies":[{"name":"wp","href":"https:\/\/api.w.org\/{rel}","templated":true}]}}