{"id":16272,"date":"2024-11-26T21:34:27","date_gmt":"2024-11-26T18:34:27","guid":{"rendered":"https:\/\/kervanmagazacilik.com\/?post_type=product&#038;p=16272"},"modified":"2024-11-26T21:34:28","modified_gmt":"2024-11-26T18:34:28","slug":"900arj000192","status":"publish","type":"product","link":"https:\/\/kervanmagazacilik.com\/index.php\/urun\/900arj000192\/","title":{"rendered":"900ARJ000192"},"content":{"rendered":"<p>900ARJ000192<\/p>\n<p>VERONASS ARANJMAN GUMUS-KREM 22x50cm<\/p>\n<p>MALZEME: Metal+Plastik<br \/>\nVAZO: Metaldir, \u00f6l\u00e7\u00fcs\u00fc:22x17x21.5cm<br \/>\n\u00d6l\u00e7\u00fcler +\/- 5 cm de\u011fi\u015fkenlik g\u00f6sterebilir<\/p>\n","protected":false},"excerpt":{"rendered":"<p>900ARJ000192 VERONASS ARANJMAN GUMUS-KREM 22x50cm MALZEME: Metal+Plastik VAZO: Metaldir, \u00f6l\u00e7\u00fcs\u00fc:22x17x21.5cm \u00d6l\u00e7\u00fcler +\/- 5 cm de\u011fi\u015fkenlik g\u00f6sterebilir<\/p>\n","protected":false},"featured_media":16273,"template":"","meta":[],"product_brand":[],"product_cat":[280],"product_tag":[3704],"class_list":{"0":"post-16272","1":"product","2":"type-product","3":"status-publish","4":"has-post-thumbnail","6":"product_cat-900arj","7":"product_tag-900arj000192","9":"first","10":"instock","11":"taxable","12":"shipping-taxable","13":"product-type-simple"},"_links":{"self":[{"href":"https:\/\/kervanmagazacilik.com\/index.php\/wp-json\/wp\/v2\/product\/16272","targetHints":{"allow":["GET"]}}],"collection":[{"href":"https:\/\/kervanmagazacilik.com\/index.php\/wp-json\/wp\/v2\/product"}],"about":[{"href":"https:\/\/kervanmagazacilik.com\/index.php\/wp-json\/wp\/v2\/types\/product"}],"wp:featuredmedia":[{"embeddable":true,"href":"https:\/\/kervanmagazacilik.com\/index.php\/wp-json\/wp\/v2\/media\/16273"}],"wp:attachment":[{"href":"https:\/\/kervanmagazacilik.com\/index.php\/wp-json\/wp\/v2\/media?parent=16272"}],"wp:term":[{"taxonomy":"product_brand","embeddable":true,"href":"https:\/\/kervanmagazacilik.com\/index.php\/wp-json\/wp\/v2\/product_brand?post=16272"},{"taxonomy":"product_cat","embeddable":true,"href":"https:\/\/kervanmagazacilik.com\/index.php\/wp-json\/wp\/v2\/product_cat?post=16272"},{"taxonomy":"product_tag","embeddable":true,"href":"https:\/\/kervanmagazacilik.com\/index.php\/wp-json\/wp\/v2\/product_tag?post=16272"}],"curies":[{"name":"wp","href":"https:\/\/api.w.org\/{rel}","templated":true}]}}