{"id":16264,"date":"2024-11-26T21:25:25","date_gmt":"2024-11-26T18:25:25","guid":{"rendered":"https:\/\/kervanmagazacilik.com\/?post_type=product&#038;p=16264"},"modified":"2024-11-26T21:25:26","modified_gmt":"2024-11-26T18:25:26","slug":"900arj000178","status":"publish","type":"product","link":"https:\/\/kervanmagazacilik.com\/index.php\/urun\/900arj000178\/","title":{"rendered":"900ARJ000178"},"content":{"rendered":"<p>900ARJ000178<\/p>\n<p>MONTELLA ARANJMAN BEYAZ 50x60cm<\/p>\n<p>MALZEME: Metal+Plastik<br \/>\nVAZO: Metaldir, \u00f6l\u00e7\u00fcs\u00fc:17.5&#215;20 cm<br \/>\n\u00d6l\u00e7\u00fcler +\/- 5 cm de\u011fi\u015fkenlik g\u00f6sterebilir<\/p>\n","protected":false},"excerpt":{"rendered":"<p>900ARJ000178 MONTELLA ARANJMAN BEYAZ 50x60cm MALZEME: Metal+Plastik VAZO: Metaldir, \u00f6l\u00e7\u00fcs\u00fc:17.5&#215;20 cm \u00d6l\u00e7\u00fcler +\/- 5 cm de\u011fi\u015fkenlik g\u00f6sterebilir<\/p>\n","protected":false},"featured_media":16265,"template":"","meta":[],"product_brand":[],"product_cat":[280],"product_tag":[3702],"class_list":{"0":"post-16264","1":"product","2":"type-product","3":"status-publish","4":"has-post-thumbnail","6":"product_cat-900arj","7":"product_tag-900arj000178","9":"first","10":"instock","11":"taxable","12":"shipping-taxable","13":"product-type-simple"},"_links":{"self":[{"href":"https:\/\/kervanmagazacilik.com\/index.php\/wp-json\/wp\/v2\/product\/16264","targetHints":{"allow":["GET"]}}],"collection":[{"href":"https:\/\/kervanmagazacilik.com\/index.php\/wp-json\/wp\/v2\/product"}],"about":[{"href":"https:\/\/kervanmagazacilik.com\/index.php\/wp-json\/wp\/v2\/types\/product"}],"wp:featuredmedia":[{"embeddable":true,"href":"https:\/\/kervanmagazacilik.com\/index.php\/wp-json\/wp\/v2\/media\/16265"}],"wp:attachment":[{"href":"https:\/\/kervanmagazacilik.com\/index.php\/wp-json\/wp\/v2\/media?parent=16264"}],"wp:term":[{"taxonomy":"product_brand","embeddable":true,"href":"https:\/\/kervanmagazacilik.com\/index.php\/wp-json\/wp\/v2\/product_brand?post=16264"},{"taxonomy":"product_cat","embeddable":true,"href":"https:\/\/kervanmagazacilik.com\/index.php\/wp-json\/wp\/v2\/product_cat?post=16264"},{"taxonomy":"product_tag","embeddable":true,"href":"https:\/\/kervanmagazacilik.com\/index.php\/wp-json\/wp\/v2\/product_tag?post=16264"}],"curies":[{"name":"wp","href":"https:\/\/api.w.org\/{rel}","templated":true}]}}