{"id":16259,"date":"2024-11-26T21:19:36","date_gmt":"2024-11-26T18:19:36","guid":{"rendered":"https:\/\/kervanmagazacilik.com\/?post_type=product&#038;p=16259"},"modified":"2024-11-26T21:19:37","modified_gmt":"2024-11-26T18:19:37","slug":"900arj000170","status":"publish","type":"product","link":"https:\/\/kervanmagazacilik.com\/index.php\/urun\/900arj000170\/","title":{"rendered":"900ARJ000170"},"content":{"rendered":"<p>900ARJ000170<\/p>\n<p>VERONIS-2 SEPETLI ARANJMAN 40x50x37 cm<\/p>\n<p>Kuru bez ile toz al\u0131nmal\u0131d\u0131r.<\/p>\n","protected":false},"excerpt":{"rendered":"<p>900ARJ000170 VERONIS-2 SEPETLI ARANJMAN 40x50x37 cm Kuru bez ile toz al\u0131nmal\u0131d\u0131r.<\/p>\n","protected":false},"featured_media":16260,"template":"","meta":[],"product_brand":[],"product_cat":[280],"product_tag":[3701],"class_list":{"0":"post-16259","1":"product","2":"type-product","3":"status-publish","4":"has-post-thumbnail","6":"product_cat-900arj","7":"product_tag-900arj000170","9":"first","10":"instock","11":"taxable","12":"shipping-taxable","13":"product-type-simple"},"_links":{"self":[{"href":"https:\/\/kervanmagazacilik.com\/index.php\/wp-json\/wp\/v2\/product\/16259","targetHints":{"allow":["GET"]}}],"collection":[{"href":"https:\/\/kervanmagazacilik.com\/index.php\/wp-json\/wp\/v2\/product"}],"about":[{"href":"https:\/\/kervanmagazacilik.com\/index.php\/wp-json\/wp\/v2\/types\/product"}],"wp:featuredmedia":[{"embeddable":true,"href":"https:\/\/kervanmagazacilik.com\/index.php\/wp-json\/wp\/v2\/media\/16260"}],"wp:attachment":[{"href":"https:\/\/kervanmagazacilik.com\/index.php\/wp-json\/wp\/v2\/media?parent=16259"}],"wp:term":[{"taxonomy":"product_brand","embeddable":true,"href":"https:\/\/kervanmagazacilik.com\/index.php\/wp-json\/wp\/v2\/product_brand?post=16259"},{"taxonomy":"product_cat","embeddable":true,"href":"https:\/\/kervanmagazacilik.com\/index.php\/wp-json\/wp\/v2\/product_cat?post=16259"},{"taxonomy":"product_tag","embeddable":true,"href":"https:\/\/kervanmagazacilik.com\/index.php\/wp-json\/wp\/v2\/product_tag?post=16259"}],"curies":[{"name":"wp","href":"https:\/\/api.w.org\/{rel}","templated":true}]}}