{"id":16256,"date":"2024-11-26T21:16:00","date_gmt":"2024-11-26T18:16:00","guid":{"rendered":"https:\/\/kervanmagazacilik.com\/?post_type=product&#038;p=16256"},"modified":"2024-11-26T21:16:00","modified_gmt":"2024-11-26T18:16:00","slug":"900arj000168","status":"publish","type":"product","link":"https:\/\/kervanmagazacilik.com\/index.php\/urun\/900arj000168\/","title":{"rendered":"900ARJ000168"},"content":{"rendered":"<p>900ARJ000168<\/p>\n<p>LUYEN ARANJMAN 80x120cm<\/p>\n<p>MALZEME: CAM+PLAST\u0130K<\/p>\n<p>\u00d6l\u00e7\u00fcler +\/- 5 cm de\u011fi\u015fkenlik g\u00f6sterebilir<\/p>\n<p>CAM VAZO \u00d6L\u00c7\u00dcS\u00dc: 22X50 CM<\/p>\n","protected":false},"excerpt":{"rendered":"<p>900ARJ000168 LUYEN ARANJMAN 80x120cm MALZEME: CAM+PLAST\u0130K \u00d6l\u00e7\u00fcler +\/- 5 cm de\u011fi\u015fkenlik g\u00f6sterebilir CAM VAZO \u00d6L\u00c7\u00dcS\u00dc: 22X50 CM<\/p>\n","protected":false},"featured_media":16257,"template":"","meta":[],"product_brand":[],"product_cat":[280],"product_tag":[3700],"class_list":{"0":"post-16256","1":"product","2":"type-product","3":"status-publish","4":"has-post-thumbnail","6":"product_cat-900arj","7":"product_tag-900arj000168","9":"first","10":"instock","11":"taxable","12":"shipping-taxable","13":"product-type-simple"},"_links":{"self":[{"href":"https:\/\/kervanmagazacilik.com\/index.php\/wp-json\/wp\/v2\/product\/16256","targetHints":{"allow":["GET"]}}],"collection":[{"href":"https:\/\/kervanmagazacilik.com\/index.php\/wp-json\/wp\/v2\/product"}],"about":[{"href":"https:\/\/kervanmagazacilik.com\/index.php\/wp-json\/wp\/v2\/types\/product"}],"wp:featuredmedia":[{"embeddable":true,"href":"https:\/\/kervanmagazacilik.com\/index.php\/wp-json\/wp\/v2\/media\/16257"}],"wp:attachment":[{"href":"https:\/\/kervanmagazacilik.com\/index.php\/wp-json\/wp\/v2\/media?parent=16256"}],"wp:term":[{"taxonomy":"product_brand","embeddable":true,"href":"https:\/\/kervanmagazacilik.com\/index.php\/wp-json\/wp\/v2\/product_brand?post=16256"},{"taxonomy":"product_cat","embeddable":true,"href":"https:\/\/kervanmagazacilik.com\/index.php\/wp-json\/wp\/v2\/product_cat?post=16256"},{"taxonomy":"product_tag","embeddable":true,"href":"https:\/\/kervanmagazacilik.com\/index.php\/wp-json\/wp\/v2\/product_tag?post=16256"}],"curies":[{"name":"wp","href":"https:\/\/api.w.org\/{rel}","templated":true}]}}