{"id":16254,"date":"2024-11-26T21:13:31","date_gmt":"2024-11-26T18:13:31","guid":{"rendered":"https:\/\/kervanmagazacilik.com\/?post_type=product&#038;p=16254"},"modified":"2024-11-26T21:13:32","modified_gmt":"2024-11-26T18:13:32","slug":"900arj000166","status":"publish","type":"product","link":"https:\/\/kervanmagazacilik.com\/index.php\/urun\/900arj000166\/","title":{"rendered":"900ARJ000166"},"content":{"rendered":"<p>900ARJ000166<\/p>\n<p>LAZARIN ARANJMAN BORDO 45x65cm<\/p>\n<p>MALZEME: PLAST\u0130K-METAL<\/p>\n<p>\u00d6l\u00e7\u00fcler +\/- 5 cm de\u011fi\u015fkenlik g\u00f6sterebilir<\/p>\n<p>VAZO \u00d6L\u00c7\u00dcS\u00dc: 15X32.5 CM<\/p>\n","protected":false},"excerpt":{"rendered":"<p>900ARJ000166 LAZARIN ARANJMAN BORDO 45x65cm MALZEME: PLAST\u0130K-METAL \u00d6l\u00e7\u00fcler +\/- 5 cm de\u011fi\u015fkenlik g\u00f6sterebilir VAZO \u00d6L\u00c7\u00dcS\u00dc: 15X32.5 CM<\/p>\n","protected":false},"featured_media":16255,"template":"","meta":[],"product_brand":[],"product_cat":[280],"product_tag":[3699],"class_list":{"0":"post-16254","1":"product","2":"type-product","3":"status-publish","4":"has-post-thumbnail","6":"product_cat-900arj","7":"product_tag-900arj000166","9":"first","10":"instock","11":"taxable","12":"shipping-taxable","13":"product-type-simple"},"_links":{"self":[{"href":"https:\/\/kervanmagazacilik.com\/index.php\/wp-json\/wp\/v2\/product\/16254","targetHints":{"allow":["GET"]}}],"collection":[{"href":"https:\/\/kervanmagazacilik.com\/index.php\/wp-json\/wp\/v2\/product"}],"about":[{"href":"https:\/\/kervanmagazacilik.com\/index.php\/wp-json\/wp\/v2\/types\/product"}],"wp:featuredmedia":[{"embeddable":true,"href":"https:\/\/kervanmagazacilik.com\/index.php\/wp-json\/wp\/v2\/media\/16255"}],"wp:attachment":[{"href":"https:\/\/kervanmagazacilik.com\/index.php\/wp-json\/wp\/v2\/media?parent=16254"}],"wp:term":[{"taxonomy":"product_brand","embeddable":true,"href":"https:\/\/kervanmagazacilik.com\/index.php\/wp-json\/wp\/v2\/product_brand?post=16254"},{"taxonomy":"product_cat","embeddable":true,"href":"https:\/\/kervanmagazacilik.com\/index.php\/wp-json\/wp\/v2\/product_cat?post=16254"},{"taxonomy":"product_tag","embeddable":true,"href":"https:\/\/kervanmagazacilik.com\/index.php\/wp-json\/wp\/v2\/product_tag?post=16254"}],"curies":[{"name":"wp","href":"https:\/\/api.w.org\/{rel}","templated":true}]}}