{"id":16249,"date":"2024-11-26T21:09:19","date_gmt":"2024-11-26T18:09:19","guid":{"rendered":"https:\/\/kervanmagazacilik.com\/?post_type=product&#038;p=16249"},"modified":"2024-11-26T21:09:19","modified_gmt":"2024-11-26T18:09:19","slug":"900arj000156","status":"publish","type":"product","link":"https:\/\/kervanmagazacilik.com\/index.php\/urun\/900arj000156\/","title":{"rendered":"900ARJ000156"},"content":{"rendered":"<p>900ARJ000156<\/p>\n<p>ORGIS ARANJMAN 27x35cm<\/p>\n<p>\u00d6RG\u00dc SEPET: 28x18x18cm (PAMUK \u0130P)<\/p>\n<p>\u00c7\u0130\u00c7EKLER: POLYESTER<\/p>\n","protected":false},"excerpt":{"rendered":"<p>900ARJ000156 ORGIS ARANJMAN 27x35cm \u00d6RG\u00dc SEPET: 28x18x18cm (PAMUK \u0130P) \u00c7\u0130\u00c7EKLER: POLYESTER<\/p>\n","protected":false},"featured_media":16250,"template":"","meta":[],"product_brand":[],"product_cat":[280],"product_tag":[3697],"class_list":{"0":"post-16249","1":"product","2":"type-product","3":"status-publish","4":"has-post-thumbnail","6":"product_cat-900arj","7":"product_tag-900arj000156","9":"first","10":"instock","11":"taxable","12":"shipping-taxable","13":"product-type-simple"},"_links":{"self":[{"href":"https:\/\/kervanmagazacilik.com\/index.php\/wp-json\/wp\/v2\/product\/16249","targetHints":{"allow":["GET"]}}],"collection":[{"href":"https:\/\/kervanmagazacilik.com\/index.php\/wp-json\/wp\/v2\/product"}],"about":[{"href":"https:\/\/kervanmagazacilik.com\/index.php\/wp-json\/wp\/v2\/types\/product"}],"wp:featuredmedia":[{"embeddable":true,"href":"https:\/\/kervanmagazacilik.com\/index.php\/wp-json\/wp\/v2\/media\/16250"}],"wp:attachment":[{"href":"https:\/\/kervanmagazacilik.com\/index.php\/wp-json\/wp\/v2\/media?parent=16249"}],"wp:term":[{"taxonomy":"product_brand","embeddable":true,"href":"https:\/\/kervanmagazacilik.com\/index.php\/wp-json\/wp\/v2\/product_brand?post=16249"},{"taxonomy":"product_cat","embeddable":true,"href":"https:\/\/kervanmagazacilik.com\/index.php\/wp-json\/wp\/v2\/product_cat?post=16249"},{"taxonomy":"product_tag","embeddable":true,"href":"https:\/\/kervanmagazacilik.com\/index.php\/wp-json\/wp\/v2\/product_tag?post=16249"}],"curies":[{"name":"wp","href":"https:\/\/api.w.org\/{rel}","templated":true}]}}