{"id":16088,"date":"2024-11-26T01:21:51","date_gmt":"2024-11-25T22:21:51","guid":{"rendered":"https:\/\/kervanmagazacilik.com\/?post_type=product&#038;p=16088"},"modified":"2024-11-26T01:21:51","modified_gmt":"2024-11-25T22:21:51","slug":"900jia000017","status":"publish","type":"product","link":"https:\/\/kervanmagazacilik.com\/index.php\/urun\/900jia000017\/","title":{"rendered":"900JIA000017"},"content":{"rendered":"<p>900JIA000017<\/p>\n<p>\u00c7\u0130N ACI FINDI\u011eI BITKISI (HA6HM85275B) 96cm<\/p>\n<p>&nbsp;<\/p>\n<p>&nbsp;<\/p>\n","protected":false},"excerpt":{"rendered":"<p>900JIA000017 \u00c7\u0130N ACI FINDI\u011eI BITKISI (HA6HM85275B) 96cm &nbsp; &nbsp;<\/p>\n","protected":false},"featured_media":16089,"template":"","meta":[],"product_brand":[],"product_cat":[285],"product_tag":[3634],"class_list":{"0":"post-16088","1":"product","2":"type-product","3":"status-publish","4":"has-post-thumbnail","6":"product_cat-900jia","7":"product_tag-900jia000017","9":"first","10":"instock","11":"taxable","12":"shipping-taxable","13":"product-type-simple"},"_links":{"self":[{"href":"https:\/\/kervanmagazacilik.com\/index.php\/wp-json\/wp\/v2\/product\/16088","targetHints":{"allow":["GET"]}}],"collection":[{"href":"https:\/\/kervanmagazacilik.com\/index.php\/wp-json\/wp\/v2\/product"}],"about":[{"href":"https:\/\/kervanmagazacilik.com\/index.php\/wp-json\/wp\/v2\/types\/product"}],"wp:featuredmedia":[{"embeddable":true,"href":"https:\/\/kervanmagazacilik.com\/index.php\/wp-json\/wp\/v2\/media\/16089"}],"wp:attachment":[{"href":"https:\/\/kervanmagazacilik.com\/index.php\/wp-json\/wp\/v2\/media?parent=16088"}],"wp:term":[{"taxonomy":"product_brand","embeddable":true,"href":"https:\/\/kervanmagazacilik.com\/index.php\/wp-json\/wp\/v2\/product_brand?post=16088"},{"taxonomy":"product_cat","embeddable":true,"href":"https:\/\/kervanmagazacilik.com\/index.php\/wp-json\/wp\/v2\/product_cat?post=16088"},{"taxonomy":"product_tag","embeddable":true,"href":"https:\/\/kervanmagazacilik.com\/index.php\/wp-json\/wp\/v2\/product_tag?post=16088"}],"curies":[{"name":"wp","href":"https:\/\/api.w.org\/{rel}","templated":true}]}}