{"id":16085,"date":"2024-11-26T01:18:19","date_gmt":"2024-11-25T22:18:19","guid":{"rendered":"https:\/\/kervanmagazacilik.com\/?post_type=product&#038;p=16085"},"modified":"2024-11-26T01:18:19","modified_gmt":"2024-11-25T22:18:19","slug":"900jia000008","status":"publish","type":"product","link":"https:\/\/kervanmagazacilik.com\/index.php\/urun\/900jia000008\/","title":{"rendered":"900JIA000008"},"content":{"rendered":"<p>900JIA000008<\/p>\n<p>HA4LY542GN816 OKAL\u0130PTUS \u00c7ALI YE\u015e\u0130L 77cm<\/p>\n<p>&nbsp;<\/p>\n","protected":false},"excerpt":{"rendered":"<p>900JIA000008 HA4LY542GN816 OKAL\u0130PTUS \u00c7ALI YE\u015e\u0130L 77cm &nbsp;<\/p>\n","protected":false},"featured_media":16086,"template":"","meta":[],"product_brand":[],"product_cat":[285],"product_tag":[3633],"class_list":{"0":"post-16085","1":"product","2":"type-product","3":"status-publish","4":"has-post-thumbnail","6":"product_cat-900jia","7":"product_tag-900jia000008","9":"first","10":"instock","11":"taxable","12":"shipping-taxable","13":"product-type-simple"},"_links":{"self":[{"href":"https:\/\/kervanmagazacilik.com\/index.php\/wp-json\/wp\/v2\/product\/16085","targetHints":{"allow":["GET"]}}],"collection":[{"href":"https:\/\/kervanmagazacilik.com\/index.php\/wp-json\/wp\/v2\/product"}],"about":[{"href":"https:\/\/kervanmagazacilik.com\/index.php\/wp-json\/wp\/v2\/types\/product"}],"wp:featuredmedia":[{"embeddable":true,"href":"https:\/\/kervanmagazacilik.com\/index.php\/wp-json\/wp\/v2\/media\/16086"}],"wp:attachment":[{"href":"https:\/\/kervanmagazacilik.com\/index.php\/wp-json\/wp\/v2\/media?parent=16085"}],"wp:term":[{"taxonomy":"product_brand","embeddable":true,"href":"https:\/\/kervanmagazacilik.com\/index.php\/wp-json\/wp\/v2\/product_brand?post=16085"},{"taxonomy":"product_cat","embeddable":true,"href":"https:\/\/kervanmagazacilik.com\/index.php\/wp-json\/wp\/v2\/product_cat?post=16085"},{"taxonomy":"product_tag","embeddable":true,"href":"https:\/\/kervanmagazacilik.com\/index.php\/wp-json\/wp\/v2\/product_tag?post=16085"}],"curies":[{"name":"wp","href":"https:\/\/api.w.org\/{rel}","templated":true}]}}