{"id":16082,"date":"2024-11-26T01:15:29","date_gmt":"2024-11-25T22:15:29","guid":{"rendered":"https:\/\/kervanmagazacilik.com\/?post_type=product&#038;p=16082"},"modified":"2024-11-26T01:15:29","modified_gmt":"2024-11-25T22:15:29","slug":"900jia000006","status":"publish","type":"product","link":"https:\/\/kervanmagazacilik.com\/index.php\/urun\/900jia000006\/","title":{"rendered":"900JIA000006"},"content":{"rendered":"<p>900JIA000006<\/p>\n<p>LOTUS B\u0130TK\u0130S\u0130 YAPAY A\u011eA\u00c7 135&#215;100 cm<\/p>\n<p>Saks\u0131 materyal: \u00c7imento<br \/>\nA\u011fa\u00e7 materyal: Polietilen-Demir<br \/>\nNemli bir bez ile temizlenmelidir<br \/>\n\u0130\u00e7 mekan kullan\u0131m\u0131na uygundur<\/p>\n<p>ALT GRUP: EV DEKOR-YAPAY A\u011eA\u00c7<\/p>\n","protected":false},"excerpt":{"rendered":"<p>900JIA000006 LOTUS B\u0130TK\u0130S\u0130 YAPAY A\u011eA\u00c7 135&#215;100 cm Saks\u0131 materyal: \u00c7imento A\u011fa\u00e7 materyal: Polietilen-Demir Nemli bir bez ile temizlenmelidir \u0130\u00e7 mekan kullan\u0131m\u0131na uygundur ALT GRUP: EV DEKOR-YAPAY A\u011eA\u00c7<\/p>\n","protected":false},"featured_media":16083,"template":"","meta":[],"product_brand":[],"product_cat":[285],"product_tag":[3632],"class_list":{"0":"post-16082","1":"product","2":"type-product","3":"status-publish","4":"has-post-thumbnail","6":"product_cat-900jia","7":"product_tag-900jia000006","9":"first","10":"instock","11":"taxable","12":"shipping-taxable","13":"product-type-simple"},"_links":{"self":[{"href":"https:\/\/kervanmagazacilik.com\/index.php\/wp-json\/wp\/v2\/product\/16082","targetHints":{"allow":["GET"]}}],"collection":[{"href":"https:\/\/kervanmagazacilik.com\/index.php\/wp-json\/wp\/v2\/product"}],"about":[{"href":"https:\/\/kervanmagazacilik.com\/index.php\/wp-json\/wp\/v2\/types\/product"}],"wp:featuredmedia":[{"embeddable":true,"href":"https:\/\/kervanmagazacilik.com\/index.php\/wp-json\/wp\/v2\/media\/16083"}],"wp:attachment":[{"href":"https:\/\/kervanmagazacilik.com\/index.php\/wp-json\/wp\/v2\/media?parent=16082"}],"wp:term":[{"taxonomy":"product_brand","embeddable":true,"href":"https:\/\/kervanmagazacilik.com\/index.php\/wp-json\/wp\/v2\/product_brand?post=16082"},{"taxonomy":"product_cat","embeddable":true,"href":"https:\/\/kervanmagazacilik.com\/index.php\/wp-json\/wp\/v2\/product_cat?post=16082"},{"taxonomy":"product_tag","embeddable":true,"href":"https:\/\/kervanmagazacilik.com\/index.php\/wp-json\/wp\/v2\/product_tag?post=16082"}],"curies":[{"name":"wp","href":"https:\/\/api.w.org\/{rel}","templated":true}]}}