{"id":16080,"date":"2024-11-26T01:12:33","date_gmt":"2024-11-25T22:12:33","guid":{"rendered":"https:\/\/kervanmagazacilik.com\/?post_type=product&#038;p=16080"},"modified":"2024-11-26T01:12:33","modified_gmt":"2024-11-25T22:12:33","slug":"900jia000005","status":"publish","type":"product","link":"https:\/\/kervanmagazacilik.com\/index.php\/urun\/900jia000005\/","title":{"rendered":"900JIA000005"},"content":{"rendered":"<p>900JIA000005<\/p>\n<p>KEMAN YAPRA\u011eI YAPAY A\u011eA\u00c7 100&#215;200 cm<\/p>\n","protected":false},"excerpt":{"rendered":"<p>900JIA000005 KEMAN YAPRA\u011eI YAPAY A\u011eA\u00c7 100&#215;200 cm<\/p>\n","protected":false},"featured_media":16081,"template":"","meta":[],"product_brand":[],"product_cat":[285],"product_tag":[3631],"class_list":{"0":"post-16080","1":"product","2":"type-product","3":"status-publish","4":"has-post-thumbnail","6":"product_cat-900jia","7":"product_tag-900jia000005","9":"first","10":"instock","11":"taxable","12":"shipping-taxable","13":"product-type-simple"},"_links":{"self":[{"href":"https:\/\/kervanmagazacilik.com\/index.php\/wp-json\/wp\/v2\/product\/16080","targetHints":{"allow":["GET"]}}],"collection":[{"href":"https:\/\/kervanmagazacilik.com\/index.php\/wp-json\/wp\/v2\/product"}],"about":[{"href":"https:\/\/kervanmagazacilik.com\/index.php\/wp-json\/wp\/v2\/types\/product"}],"wp:featuredmedia":[{"embeddable":true,"href":"https:\/\/kervanmagazacilik.com\/index.php\/wp-json\/wp\/v2\/media\/16081"}],"wp:attachment":[{"href":"https:\/\/kervanmagazacilik.com\/index.php\/wp-json\/wp\/v2\/media?parent=16080"}],"wp:term":[{"taxonomy":"product_brand","embeddable":true,"href":"https:\/\/kervanmagazacilik.com\/index.php\/wp-json\/wp\/v2\/product_brand?post=16080"},{"taxonomy":"product_cat","embeddable":true,"href":"https:\/\/kervanmagazacilik.com\/index.php\/wp-json\/wp\/v2\/product_cat?post=16080"},{"taxonomy":"product_tag","embeddable":true,"href":"https:\/\/kervanmagazacilik.com\/index.php\/wp-json\/wp\/v2\/product_tag?post=16080"}],"curies":[{"name":"wp","href":"https:\/\/api.w.org\/{rel}","templated":true}]}}