{"id":16066,"date":"2024-11-26T00:58:13","date_gmt":"2024-11-25T21:58:13","guid":{"rendered":"https:\/\/kervanmagazacilik.com\/?post_type=product&#038;p=16066"},"modified":"2024-11-26T00:58:13","modified_gmt":"2024-11-25T21:58:13","slug":"900nan000029","status":"publish","type":"product","link":"https:\/\/kervanmagazacilik.com\/index.php\/urun\/900nan000029\/","title":{"rendered":"900NAN000029"},"content":{"rendered":"<p>900NAN000029<\/p>\n<p>HD9487 B\u0130TK\u0130 YE\u015e\u0130L 107 cm<\/p>\n","protected":false},"excerpt":{"rendered":"<p>900NAN000029 HD9487 B\u0130TK\u0130 YE\u015e\u0130L 107 cm<\/p>\n","protected":false},"featured_media":16067,"template":"","meta":[],"product_brand":[],"product_cat":[287],"product_tag":[3627],"class_list":{"0":"post-16066","1":"product","2":"type-product","3":"status-publish","4":"has-post-thumbnail","6":"product_cat-900nan","7":"product_tag-900nan000029","9":"first","10":"instock","11":"taxable","12":"shipping-taxable","13":"product-type-simple"},"_links":{"self":[{"href":"https:\/\/kervanmagazacilik.com\/index.php\/wp-json\/wp\/v2\/product\/16066","targetHints":{"allow":["GET"]}}],"collection":[{"href":"https:\/\/kervanmagazacilik.com\/index.php\/wp-json\/wp\/v2\/product"}],"about":[{"href":"https:\/\/kervanmagazacilik.com\/index.php\/wp-json\/wp\/v2\/types\/product"}],"wp:featuredmedia":[{"embeddable":true,"href":"https:\/\/kervanmagazacilik.com\/index.php\/wp-json\/wp\/v2\/media\/16067"}],"wp:attachment":[{"href":"https:\/\/kervanmagazacilik.com\/index.php\/wp-json\/wp\/v2\/media?parent=16066"}],"wp:term":[{"taxonomy":"product_brand","embeddable":true,"href":"https:\/\/kervanmagazacilik.com\/index.php\/wp-json\/wp\/v2\/product_brand?post=16066"},{"taxonomy":"product_cat","embeddable":true,"href":"https:\/\/kervanmagazacilik.com\/index.php\/wp-json\/wp\/v2\/product_cat?post=16066"},{"taxonomy":"product_tag","embeddable":true,"href":"https:\/\/kervanmagazacilik.com\/index.php\/wp-json\/wp\/v2\/product_tag?post=16066"}],"curies":[{"name":"wp","href":"https:\/\/api.w.org\/{rel}","templated":true}]}}