{"id":16060,"date":"2024-11-26T00:52:17","date_gmt":"2024-11-25T21:52:17","guid":{"rendered":"https:\/\/kervanmagazacilik.com\/?post_type=product&#038;p=16060"},"modified":"2024-11-26T00:52:18","modified_gmt":"2024-11-25T21:52:18","slug":"900nan000027","status":"publish","type":"product","link":"https:\/\/kervanmagazacilik.com\/index.php\/urun\/900nan000027\/","title":{"rendered":"900NAN000027"},"content":{"rendered":"<p>900NAN000027<\/p>\n<p>HD9684 BUKET \u00c7\u0130\u00c7EK R023-KREM 71cm<\/p>\n","protected":false},"excerpt":{"rendered":"<p>900NAN000027 HD9684 BUKET \u00c7\u0130\u00c7EK R023-KREM 71cm<\/p>\n","protected":false},"featured_media":16061,"template":"","meta":[],"product_brand":[],"product_cat":[287],"product_tag":[3625],"class_list":{"0":"post-16060","1":"product","2":"type-product","3":"status-publish","4":"has-post-thumbnail","6":"product_cat-900nan","7":"product_tag-900nan000027","9":"first","10":"instock","11":"taxable","12":"shipping-taxable","13":"product-type-simple"},"_links":{"self":[{"href":"https:\/\/kervanmagazacilik.com\/index.php\/wp-json\/wp\/v2\/product\/16060","targetHints":{"allow":["GET"]}}],"collection":[{"href":"https:\/\/kervanmagazacilik.com\/index.php\/wp-json\/wp\/v2\/product"}],"about":[{"href":"https:\/\/kervanmagazacilik.com\/index.php\/wp-json\/wp\/v2\/types\/product"}],"wp:featuredmedia":[{"embeddable":true,"href":"https:\/\/kervanmagazacilik.com\/index.php\/wp-json\/wp\/v2\/media\/16061"}],"wp:attachment":[{"href":"https:\/\/kervanmagazacilik.com\/index.php\/wp-json\/wp\/v2\/media?parent=16060"}],"wp:term":[{"taxonomy":"product_brand","embeddable":true,"href":"https:\/\/kervanmagazacilik.com\/index.php\/wp-json\/wp\/v2\/product_brand?post=16060"},{"taxonomy":"product_cat","embeddable":true,"href":"https:\/\/kervanmagazacilik.com\/index.php\/wp-json\/wp\/v2\/product_cat?post=16060"},{"taxonomy":"product_tag","embeddable":true,"href":"https:\/\/kervanmagazacilik.com\/index.php\/wp-json\/wp\/v2\/product_tag?post=16060"}],"curies":[{"name":"wp","href":"https:\/\/api.w.org\/{rel}","templated":true}]}}