{"id":16057,"date":"2024-11-26T00:49:48","date_gmt":"2024-11-25T21:49:48","guid":{"rendered":"https:\/\/kervanmagazacilik.com\/?post_type=product&#038;p=16057"},"modified":"2024-11-26T00:49:48","modified_gmt":"2024-11-25T21:49:48","slug":"900nan000025","status":"publish","type":"product","link":"https:\/\/kervanmagazacilik.com\/index.php\/urun\/900nan000025\/","title":{"rendered":"900NAN000025"},"content":{"rendered":"<p>900NAN000025<\/p>\n<p>HD9713 BUKET \u00c7\u0130\u00c7EK PEMBE 53cm<\/p>\n","protected":false},"excerpt":{"rendered":"<p>900NAN000025 HD9713 BUKET \u00c7\u0130\u00c7EK PEMBE 53cm<\/p>\n","protected":false},"featured_media":16058,"template":"","meta":[],"product_brand":[],"product_cat":[287],"product_tag":[3624],"class_list":{"0":"post-16057","1":"product","2":"type-product","3":"status-publish","4":"has-post-thumbnail","6":"product_cat-900nan","7":"product_tag-900nan000025","9":"first","10":"instock","11":"taxable","12":"shipping-taxable","13":"product-type-simple"},"_links":{"self":[{"href":"https:\/\/kervanmagazacilik.com\/index.php\/wp-json\/wp\/v2\/product\/16057","targetHints":{"allow":["GET"]}}],"collection":[{"href":"https:\/\/kervanmagazacilik.com\/index.php\/wp-json\/wp\/v2\/product"}],"about":[{"href":"https:\/\/kervanmagazacilik.com\/index.php\/wp-json\/wp\/v2\/types\/product"}],"wp:featuredmedia":[{"embeddable":true,"href":"https:\/\/kervanmagazacilik.com\/index.php\/wp-json\/wp\/v2\/media\/16058"}],"wp:attachment":[{"href":"https:\/\/kervanmagazacilik.com\/index.php\/wp-json\/wp\/v2\/media?parent=16057"}],"wp:term":[{"taxonomy":"product_brand","embeddable":true,"href":"https:\/\/kervanmagazacilik.com\/index.php\/wp-json\/wp\/v2\/product_brand?post=16057"},{"taxonomy":"product_cat","embeddable":true,"href":"https:\/\/kervanmagazacilik.com\/index.php\/wp-json\/wp\/v2\/product_cat?post=16057"},{"taxonomy":"product_tag","embeddable":true,"href":"https:\/\/kervanmagazacilik.com\/index.php\/wp-json\/wp\/v2\/product_tag?post=16057"}],"curies":[{"name":"wp","href":"https:\/\/api.w.org\/{rel}","templated":true}]}}