{"id":16049,"date":"2024-11-26T00:38:40","date_gmt":"2024-11-25T21:38:40","guid":{"rendered":"https:\/\/kervanmagazacilik.com\/?post_type=product&#038;p=16049"},"modified":"2024-11-26T00:38:40","modified_gmt":"2024-11-25T21:38:40","slug":"900nan000022","status":"publish","type":"product","link":"https:\/\/kervanmagazacilik.com\/index.php\/urun\/900nan000022\/","title":{"rendered":"900NAN000022"},"content":{"rendered":"<p>900NAN000022<\/p>\n<p>HD9583 B\u0130TK\u0130 A\u00c7IK PEMBE 53cm<\/p>\n","protected":false},"excerpt":{"rendered":"<p>900NAN000022 HD9583 B\u0130TK\u0130 A\u00c7IK PEMBE 53cm<\/p>\n","protected":false},"featured_media":16050,"template":"","meta":[],"product_brand":[],"product_cat":[287],"product_tag":[3621],"class_list":{"0":"post-16049","1":"product","2":"type-product","3":"status-publish","4":"has-post-thumbnail","6":"product_cat-900nan","7":"product_tag-900nan000022","9":"first","10":"instock","11":"taxable","12":"shipping-taxable","13":"product-type-simple"},"_links":{"self":[{"href":"https:\/\/kervanmagazacilik.com\/index.php\/wp-json\/wp\/v2\/product\/16049","targetHints":{"allow":["GET"]}}],"collection":[{"href":"https:\/\/kervanmagazacilik.com\/index.php\/wp-json\/wp\/v2\/product"}],"about":[{"href":"https:\/\/kervanmagazacilik.com\/index.php\/wp-json\/wp\/v2\/types\/product"}],"wp:featuredmedia":[{"embeddable":true,"href":"https:\/\/kervanmagazacilik.com\/index.php\/wp-json\/wp\/v2\/media\/16050"}],"wp:attachment":[{"href":"https:\/\/kervanmagazacilik.com\/index.php\/wp-json\/wp\/v2\/media?parent=16049"}],"wp:term":[{"taxonomy":"product_brand","embeddable":true,"href":"https:\/\/kervanmagazacilik.com\/index.php\/wp-json\/wp\/v2\/product_brand?post=16049"},{"taxonomy":"product_cat","embeddable":true,"href":"https:\/\/kervanmagazacilik.com\/index.php\/wp-json\/wp\/v2\/product_cat?post=16049"},{"taxonomy":"product_tag","embeddable":true,"href":"https:\/\/kervanmagazacilik.com\/index.php\/wp-json\/wp\/v2\/product_tag?post=16049"}],"curies":[{"name":"wp","href":"https:\/\/api.w.org\/{rel}","templated":true}]}}