{"id":16025,"date":"2024-11-26T00:15:37","date_gmt":"2024-11-25T21:15:37","guid":{"rendered":"https:\/\/kervanmagazacilik.com\/?post_type=product&#038;p=16025"},"modified":"2024-11-26T00:15:37","modified_gmt":"2024-11-25T21:15:37","slug":"900nan000015","status":"publish","type":"product","link":"https:\/\/kervanmagazacilik.com\/index.php\/urun\/900nan000015\/","title":{"rendered":"900NAN000015"},"content":{"rendered":"<p>900NAN000015<\/p>\n<p>HD9481 BUKET \u00c7\u0130\u00c7EK G\u00dcL KURUSU-KREM 66cm<\/p>\n","protected":false},"excerpt":{"rendered":"<p>900NAN000015 HD9481 BUKET \u00c7\u0130\u00c7EK G\u00dcL KURUSU-KREM 66cm<\/p>\n","protected":false},"featured_media":16026,"template":"","meta":[],"product_brand":[],"product_cat":[287],"product_tag":[3614],"class_list":{"0":"post-16025","1":"product","2":"type-product","3":"status-publish","4":"has-post-thumbnail","6":"product_cat-900nan","7":"product_tag-900nan000015","9":"first","10":"instock","11":"taxable","12":"shipping-taxable","13":"product-type-simple"},"_links":{"self":[{"href":"https:\/\/kervanmagazacilik.com\/index.php\/wp-json\/wp\/v2\/product\/16025","targetHints":{"allow":["GET"]}}],"collection":[{"href":"https:\/\/kervanmagazacilik.com\/index.php\/wp-json\/wp\/v2\/product"}],"about":[{"href":"https:\/\/kervanmagazacilik.com\/index.php\/wp-json\/wp\/v2\/types\/product"}],"wp:featuredmedia":[{"embeddable":true,"href":"https:\/\/kervanmagazacilik.com\/index.php\/wp-json\/wp\/v2\/media\/16026"}],"wp:attachment":[{"href":"https:\/\/kervanmagazacilik.com\/index.php\/wp-json\/wp\/v2\/media?parent=16025"}],"wp:term":[{"taxonomy":"product_brand","embeddable":true,"href":"https:\/\/kervanmagazacilik.com\/index.php\/wp-json\/wp\/v2\/product_brand?post=16025"},{"taxonomy":"product_cat","embeddable":true,"href":"https:\/\/kervanmagazacilik.com\/index.php\/wp-json\/wp\/v2\/product_cat?post=16025"},{"taxonomy":"product_tag","embeddable":true,"href":"https:\/\/kervanmagazacilik.com\/index.php\/wp-json\/wp\/v2\/product_tag?post=16025"}],"curies":[{"name":"wp","href":"https:\/\/api.w.org\/{rel}","templated":true}]}}