{"id":16010,"date":"2024-11-25T23:56:07","date_gmt":"2024-11-25T20:56:07","guid":{"rendered":"https:\/\/kervanmagazacilik.com\/?post_type=product&#038;p=16010"},"modified":"2024-11-25T23:56:07","modified_gmt":"2024-11-25T20:56:07","slug":"900nan000010","status":"publish","type":"product","link":"https:\/\/kervanmagazacilik.com\/index.php\/urun\/900nan000010\/","title":{"rendered":"900NAN000010"},"content":{"rendered":"<p>900NAN000010<\/p>\n<p>HD9710 BUKET \u00c7\u0130\u00c7EK SOMON 53cm<\/p>\n","protected":false},"excerpt":{"rendered":"<p>900NAN000010 HD9710 BUKET \u00c7\u0130\u00c7EK SOMON 53cm<\/p>\n","protected":false},"featured_media":16011,"template":"","meta":[],"product_brand":[],"product_cat":[287],"product_tag":[3609],"class_list":{"0":"post-16010","1":"product","2":"type-product","3":"status-publish","4":"has-post-thumbnail","6":"product_cat-900nan","7":"product_tag-900nan000010","9":"first","10":"instock","11":"taxable","12":"shipping-taxable","13":"product-type-simple"},"_links":{"self":[{"href":"https:\/\/kervanmagazacilik.com\/index.php\/wp-json\/wp\/v2\/product\/16010","targetHints":{"allow":["GET"]}}],"collection":[{"href":"https:\/\/kervanmagazacilik.com\/index.php\/wp-json\/wp\/v2\/product"}],"about":[{"href":"https:\/\/kervanmagazacilik.com\/index.php\/wp-json\/wp\/v2\/types\/product"}],"wp:featuredmedia":[{"embeddable":true,"href":"https:\/\/kervanmagazacilik.com\/index.php\/wp-json\/wp\/v2\/media\/16011"}],"wp:attachment":[{"href":"https:\/\/kervanmagazacilik.com\/index.php\/wp-json\/wp\/v2\/media?parent=16010"}],"wp:term":[{"taxonomy":"product_brand","embeddable":true,"href":"https:\/\/kervanmagazacilik.com\/index.php\/wp-json\/wp\/v2\/product_brand?post=16010"},{"taxonomy":"product_cat","embeddable":true,"href":"https:\/\/kervanmagazacilik.com\/index.php\/wp-json\/wp\/v2\/product_cat?post=16010"},{"taxonomy":"product_tag","embeddable":true,"href":"https:\/\/kervanmagazacilik.com\/index.php\/wp-json\/wp\/v2\/product_tag?post=16010"}],"curies":[{"name":"wp","href":"https:\/\/api.w.org\/{rel}","templated":true}]}}