{"id":15999,"date":"2024-11-25T22:18:25","date_gmt":"2024-11-25T19:18:25","guid":{"rendered":"https:\/\/kervanmagazacilik.com\/?post_type=product&#038;p=15999"},"modified":"2024-11-25T22:18:26","modified_gmt":"2024-11-25T19:18:26","slug":"900nan000007","status":"publish","type":"product","link":"https:\/\/kervanmagazacilik.com\/index.php\/urun\/900nan000007\/","title":{"rendered":"900NAN000007"},"content":{"rendered":"<p>900NAN000007<\/p>\n<p>HD9700 BUKET \u00c7\u0130\u00c7EK KREM 66cm<\/p>\n","protected":false},"excerpt":{"rendered":"<p>900NAN000007 HD9700 BUKET \u00c7\u0130\u00c7EK KREM 66cm<\/p>\n","protected":false},"featured_media":16000,"template":"","meta":[],"product_brand":[],"product_cat":[287],"product_tag":[3606],"class_list":{"0":"post-15999","1":"product","2":"type-product","3":"status-publish","4":"has-post-thumbnail","6":"product_cat-900nan","7":"product_tag-900nan000007","9":"first","10":"instock","11":"taxable","12":"shipping-taxable","13":"product-type-simple"},"_links":{"self":[{"href":"https:\/\/kervanmagazacilik.com\/index.php\/wp-json\/wp\/v2\/product\/15999","targetHints":{"allow":["GET"]}}],"collection":[{"href":"https:\/\/kervanmagazacilik.com\/index.php\/wp-json\/wp\/v2\/product"}],"about":[{"href":"https:\/\/kervanmagazacilik.com\/index.php\/wp-json\/wp\/v2\/types\/product"}],"wp:featuredmedia":[{"embeddable":true,"href":"https:\/\/kervanmagazacilik.com\/index.php\/wp-json\/wp\/v2\/media\/16000"}],"wp:attachment":[{"href":"https:\/\/kervanmagazacilik.com\/index.php\/wp-json\/wp\/v2\/media?parent=15999"}],"wp:term":[{"taxonomy":"product_brand","embeddable":true,"href":"https:\/\/kervanmagazacilik.com\/index.php\/wp-json\/wp\/v2\/product_brand?post=15999"},{"taxonomy":"product_cat","embeddable":true,"href":"https:\/\/kervanmagazacilik.com\/index.php\/wp-json\/wp\/v2\/product_cat?post=15999"},{"taxonomy":"product_tag","embeddable":true,"href":"https:\/\/kervanmagazacilik.com\/index.php\/wp-json\/wp\/v2\/product_tag?post=15999"}],"curies":[{"name":"wp","href":"https:\/\/api.w.org\/{rel}","templated":true}]}}