{"id":15965,"date":"2024-11-25T15:03:42","date_gmt":"2024-11-25T12:03:42","guid":{"rendered":"https:\/\/kervanmagazacilik.com\/?post_type=product&#038;p=15965"},"modified":"2024-11-25T15:03:42","modified_gmt":"2024-11-25T12:03:42","slug":"611pym000048","status":"publish","type":"product","link":"https:\/\/kervanmagazacilik.com\/index.php\/urun\/611pym000048\/","title":{"rendered":"611PYM000048"},"content":{"rendered":"<p>611PYM000048<\/p>\n<p>ENZO DORTLU KOLTUK KAHVE 100x275x80cm<\/p>\n<p>SUN\u0130 DER\u0130 PULL UP DER\u0130<\/p>\n<p>\u00dcR\u00dcNLER D\u0130REK G\u00dcNE\u015e I\u015eI\u011eINA MARUZ KALMAMALIDIR.<\/p>\n","protected":false},"excerpt":{"rendered":"<p>611PYM000048 ENZO DORTLU KOLTUK KAHVE 100x275x80cm SUN\u0130 DER\u0130 PULL UP DER\u0130 \u00dcR\u00dcNLER D\u0130REK G\u00dcNE\u015e I\u015eI\u011eINA MARUZ KALMAMALIDIR.<\/p>\n","protected":false},"featured_media":15966,"template":"","meta":[],"product_brand":[],"product_cat":[73],"product_tag":[1191],"class_list":{"0":"post-15965","1":"product","2":"type-product","3":"status-publish","4":"has-post-thumbnail","6":"product_cat-611pym","7":"product_tag-611pym000048","9":"first","10":"instock","11":"taxable","12":"shipping-taxable","13":"product-type-simple"},"_links":{"self":[{"href":"https:\/\/kervanmagazacilik.com\/index.php\/wp-json\/wp\/v2\/product\/15965","targetHints":{"allow":["GET"]}}],"collection":[{"href":"https:\/\/kervanmagazacilik.com\/index.php\/wp-json\/wp\/v2\/product"}],"about":[{"href":"https:\/\/kervanmagazacilik.com\/index.php\/wp-json\/wp\/v2\/types\/product"}],"wp:featuredmedia":[{"embeddable":true,"href":"https:\/\/kervanmagazacilik.com\/index.php\/wp-json\/wp\/v2\/media\/15966"}],"wp:attachment":[{"href":"https:\/\/kervanmagazacilik.com\/index.php\/wp-json\/wp\/v2\/media?parent=15965"}],"wp:term":[{"taxonomy":"product_brand","embeddable":true,"href":"https:\/\/kervanmagazacilik.com\/index.php\/wp-json\/wp\/v2\/product_brand?post=15965"},{"taxonomy":"product_cat","embeddable":true,"href":"https:\/\/kervanmagazacilik.com\/index.php\/wp-json\/wp\/v2\/product_cat?post=15965"},{"taxonomy":"product_tag","embeddable":true,"href":"https:\/\/kervanmagazacilik.com\/index.php\/wp-json\/wp\/v2\/product_tag?post=15965"}],"curies":[{"name":"wp","href":"https:\/\/api.w.org\/{rel}","templated":true}]}}