{"id":15948,"date":"2024-11-25T14:56:49","date_gmt":"2024-11-25T11:56:49","guid":{"rendered":"https:\/\/kervanmagazacilik.com\/?post_type=product&#038;p=15948"},"modified":"2024-11-25T14:56:49","modified_gmt":"2024-11-25T11:56:49","slug":"611pym000025","status":"publish","type":"product","link":"https:\/\/kervanmagazacilik.com\/index.php\/urun\/611pym000025\/","title":{"rendered":"611PYM000025"},"content":{"rendered":"<p>611PYM000025<\/p>\n<p>LONDON UCLU KOLTUK KAHVE 100x235x80cm (ARZILA 107)<\/p>\n<p>Kuma\u015f Kasa ARZILA 107<br \/>\nKuma\u015f Biye ARZILA 101<\/p>\n<p>%100 POL\u0130PROP\u0130LEN<\/p>\n<p>SADECE KURU TEM\u0130ZLEME YAPILAB\u0130L\u0130R.<\/p>\n","protected":false},"excerpt":{"rendered":"<p>611PYM000025 LONDON UCLU KOLTUK KAHVE 100x235x80cm (ARZILA 107) Kuma\u015f Kasa ARZILA 107 Kuma\u015f Biye ARZILA 101 %100 POL\u0130PROP\u0130LEN SADECE KURU TEM\u0130ZLEME YAPILAB\u0130L\u0130R.<\/p>\n","protected":false},"featured_media":15949,"template":"","meta":[],"product_brand":[],"product_cat":[73],"product_tag":[1178],"class_list":{"0":"post-15948","1":"product","2":"type-product","3":"status-publish","4":"has-post-thumbnail","6":"product_cat-611pym","7":"product_tag-611pym000025","9":"first","10":"instock","11":"taxable","12":"shipping-taxable","13":"product-type-simple"},"_links":{"self":[{"href":"https:\/\/kervanmagazacilik.com\/index.php\/wp-json\/wp\/v2\/product\/15948","targetHints":{"allow":["GET"]}}],"collection":[{"href":"https:\/\/kervanmagazacilik.com\/index.php\/wp-json\/wp\/v2\/product"}],"about":[{"href":"https:\/\/kervanmagazacilik.com\/index.php\/wp-json\/wp\/v2\/types\/product"}],"wp:featuredmedia":[{"embeddable":true,"href":"https:\/\/kervanmagazacilik.com\/index.php\/wp-json\/wp\/v2\/media\/15949"}],"wp:attachment":[{"href":"https:\/\/kervanmagazacilik.com\/index.php\/wp-json\/wp\/v2\/media?parent=15948"}],"wp:term":[{"taxonomy":"product_brand","embeddable":true,"href":"https:\/\/kervanmagazacilik.com\/index.php\/wp-json\/wp\/v2\/product_brand?post=15948"},{"taxonomy":"product_cat","embeddable":true,"href":"https:\/\/kervanmagazacilik.com\/index.php\/wp-json\/wp\/v2\/product_cat?post=15948"},{"taxonomy":"product_tag","embeddable":true,"href":"https:\/\/kervanmagazacilik.com\/index.php\/wp-json\/wp\/v2\/product_tag?post=15948"}],"curies":[{"name":"wp","href":"https:\/\/api.w.org\/{rel}","templated":true}]}}