{"id":15937,"date":"2024-11-25T14:52:10","date_gmt":"2024-11-25T11:52:10","guid":{"rendered":"https:\/\/kervanmagazacilik.com\/?post_type=product&#038;p=15937"},"modified":"2024-11-25T14:52:10","modified_gmt":"2024-11-25T11:52:10","slug":"611pym000023","status":"publish","type":"product","link":"https:\/\/kervanmagazacilik.com\/index.php\/urun\/611pym000023\/","title":{"rendered":"611PYM000023"},"content":{"rendered":"<p>611PYM000023<\/p>\n<p>LONDON UCLU KOLTUK KREM 100x235x80cm (ARZILA 101)<\/p>\n<p>Kuma\u015f Kasa ARZILA 101<br \/>\nKuma\u015f Biye ARZILA 107<\/p>\n<p>%100 POL\u0130PROP\u0130LEN<\/p>\n<p>SADECE KURU TEM\u0130ZLEME YAPILAB\u0130L\u0130R.<\/p>\n","protected":false},"excerpt":{"rendered":"<p>611PYM000023 LONDON UCLU KOLTUK KREM 100x235x80cm (ARZILA 101) Kuma\u015f Kasa ARZILA 101 Kuma\u015f Biye ARZILA 107 %100 POL\u0130PROP\u0130LEN SADECE KURU TEM\u0130ZLEME YAPILAB\u0130L\u0130R.<\/p>\n","protected":false},"featured_media":15938,"template":"","meta":[],"product_brand":[],"product_cat":[73],"product_tag":[578],"class_list":{"0":"post-15937","1":"product","2":"type-product","3":"status-publish","4":"has-post-thumbnail","6":"product_cat-611pym","7":"product_tag-611pym000023","9":"first","10":"instock","11":"taxable","12":"shipping-taxable","13":"product-type-simple"},"_links":{"self":[{"href":"https:\/\/kervanmagazacilik.com\/index.php\/wp-json\/wp\/v2\/product\/15937","targetHints":{"allow":["GET"]}}],"collection":[{"href":"https:\/\/kervanmagazacilik.com\/index.php\/wp-json\/wp\/v2\/product"}],"about":[{"href":"https:\/\/kervanmagazacilik.com\/index.php\/wp-json\/wp\/v2\/types\/product"}],"wp:featuredmedia":[{"embeddable":true,"href":"https:\/\/kervanmagazacilik.com\/index.php\/wp-json\/wp\/v2\/media\/15938"}],"wp:attachment":[{"href":"https:\/\/kervanmagazacilik.com\/index.php\/wp-json\/wp\/v2\/media?parent=15937"}],"wp:term":[{"taxonomy":"product_brand","embeddable":true,"href":"https:\/\/kervanmagazacilik.com\/index.php\/wp-json\/wp\/v2\/product_brand?post=15937"},{"taxonomy":"product_cat","embeddable":true,"href":"https:\/\/kervanmagazacilik.com\/index.php\/wp-json\/wp\/v2\/product_cat?post=15937"},{"taxonomy":"product_tag","embeddable":true,"href":"https:\/\/kervanmagazacilik.com\/index.php\/wp-json\/wp\/v2\/product_tag?post=15937"}],"curies":[{"name":"wp","href":"https:\/\/api.w.org\/{rel}","templated":true}]}}