{"id":15928,"date":"2024-11-25T14:49:47","date_gmt":"2024-11-25T11:49:47","guid":{"rendered":"https:\/\/kervanmagazacilik.com\/?post_type=product&#038;p=15928"},"modified":"2024-11-25T14:49:47","modified_gmt":"2024-11-25T11:49:47","slug":"611pym000021","status":"publish","type":"product","link":"https:\/\/kervanmagazacilik.com\/index.php\/urun\/611pym000021\/","title":{"rendered":"611PYM000021"},"content":{"rendered":"<p>611PYM000021<\/p>\n<p>CALDERON KOSE MODULSUZ SAG ANTRASIT 180x400x65cm (LIMA 6111-38)<\/p>\n<p>% 70 PES &#8211; % 30 COTTON<\/p>\n<p>(LIMA 6111-38)<\/p>\n<p>SADECE KURU TEM\u0130ZLEME YAPILAB\u0130L\u0130R.<\/p>\n","protected":false},"excerpt":{"rendered":"<p>611PYM000021 CALDERON KOSE MODULSUZ SAG ANTRASIT 180x400x65cm (LIMA 6111-38) % 70 PES &#8211; % 30 COTTON (LIMA 6111-38) SADECE KURU TEM\u0130ZLEME YAPILAB\u0130L\u0130R.<\/p>\n","protected":false},"featured_media":15929,"template":"","meta":[],"product_brand":[],"product_cat":[73],"product_tag":[1176],"class_list":{"0":"post-15928","1":"product","2":"type-product","3":"status-publish","4":"has-post-thumbnail","6":"product_cat-611pym","7":"product_tag-611pym000021","9":"first","10":"instock","11":"taxable","12":"shipping-taxable","13":"product-type-simple"},"_links":{"self":[{"href":"https:\/\/kervanmagazacilik.com\/index.php\/wp-json\/wp\/v2\/product\/15928","targetHints":{"allow":["GET"]}}],"collection":[{"href":"https:\/\/kervanmagazacilik.com\/index.php\/wp-json\/wp\/v2\/product"}],"about":[{"href":"https:\/\/kervanmagazacilik.com\/index.php\/wp-json\/wp\/v2\/types\/product"}],"wp:featuredmedia":[{"embeddable":true,"href":"https:\/\/kervanmagazacilik.com\/index.php\/wp-json\/wp\/v2\/media\/15929"}],"wp:attachment":[{"href":"https:\/\/kervanmagazacilik.com\/index.php\/wp-json\/wp\/v2\/media?parent=15928"}],"wp:term":[{"taxonomy":"product_brand","embeddable":true,"href":"https:\/\/kervanmagazacilik.com\/index.php\/wp-json\/wp\/v2\/product_brand?post=15928"},{"taxonomy":"product_cat","embeddable":true,"href":"https:\/\/kervanmagazacilik.com\/index.php\/wp-json\/wp\/v2\/product_cat?post=15928"},{"taxonomy":"product_tag","embeddable":true,"href":"https:\/\/kervanmagazacilik.com\/index.php\/wp-json\/wp\/v2\/product_tag?post=15928"}],"curies":[{"name":"wp","href":"https:\/\/api.w.org\/{rel}","templated":true}]}}