{"id":15920,"date":"2024-11-25T14:45:33","date_gmt":"2024-11-25T11:45:33","guid":{"rendered":"https:\/\/kervanmagazacilik.com\/?post_type=product&#038;p=15920"},"modified":"2024-11-25T14:45:34","modified_gmt":"2024-11-25T11:45:34","slug":"611pym000019","status":"publish","type":"product","link":"https:\/\/kervanmagazacilik.com\/index.php\/urun\/611pym000019\/","title":{"rendered":"611PYM000019"},"content":{"rendered":"<p>611PYM000019<\/p>\n<p>CALDERON KOSE SAG ANTRASIT 315x400x65cm (LIMA 6111-38)<\/p>\n<p>% 70 PES &#8211; % 30 COTTON<\/p>\n<p>(LIMA 6111-38)<\/p>\n<p>SADECE KURU TEM\u0130ZLEME YAPILAB\u0130L\u0130R.<\/p>\n<p>&nbsp;<\/p>\n","protected":false},"excerpt":{"rendered":"<p>611PYM000019 CALDERON KOSE SAG ANTRASIT 315x400x65cm (LIMA 6111-38) % 70 PES &#8211; % 30 COTTON (LIMA 6111-38) SADECE KURU TEM\u0130ZLEME YAPILAB\u0130L\u0130R. &nbsp;<\/p>\n","protected":false},"featured_media":15921,"template":"","meta":[],"product_brand":[],"product_cat":[73],"product_tag":[580],"class_list":{"0":"post-15920","1":"product","2":"type-product","3":"status-publish","4":"has-post-thumbnail","6":"product_cat-611pym","7":"product_tag-611pym000019","9":"first","10":"instock","11":"taxable","12":"shipping-taxable","13":"product-type-simple"},"_links":{"self":[{"href":"https:\/\/kervanmagazacilik.com\/index.php\/wp-json\/wp\/v2\/product\/15920","targetHints":{"allow":["GET"]}}],"collection":[{"href":"https:\/\/kervanmagazacilik.com\/index.php\/wp-json\/wp\/v2\/product"}],"about":[{"href":"https:\/\/kervanmagazacilik.com\/index.php\/wp-json\/wp\/v2\/types\/product"}],"wp:featuredmedia":[{"embeddable":true,"href":"https:\/\/kervanmagazacilik.com\/index.php\/wp-json\/wp\/v2\/media\/15921"}],"wp:attachment":[{"href":"https:\/\/kervanmagazacilik.com\/index.php\/wp-json\/wp\/v2\/media?parent=15920"}],"wp:term":[{"taxonomy":"product_brand","embeddable":true,"href":"https:\/\/kervanmagazacilik.com\/index.php\/wp-json\/wp\/v2\/product_brand?post=15920"},{"taxonomy":"product_cat","embeddable":true,"href":"https:\/\/kervanmagazacilik.com\/index.php\/wp-json\/wp\/v2\/product_cat?post=15920"},{"taxonomy":"product_tag","embeddable":true,"href":"https:\/\/kervanmagazacilik.com\/index.php\/wp-json\/wp\/v2\/product_tag?post=15920"}],"curies":[{"name":"wp","href":"https:\/\/api.w.org\/{rel}","templated":true}]}}