{"id":15912,"date":"2024-11-25T14:44:05","date_gmt":"2024-11-25T11:44:05","guid":{"rendered":"https:\/\/kervanmagazacilik.com\/?post_type=product&#038;p=15912"},"modified":"2024-11-25T14:44:05","modified_gmt":"2024-11-25T11:44:05","slug":"611pym000018","status":"publish","type":"product","link":"https:\/\/kervanmagazacilik.com\/index.php\/urun\/611pym000018\/","title":{"rendered":"611PYM000018"},"content":{"rendered":"<p>611PYM000018<\/p>\n<p>NORA KOSE KOLTUK BEJ-KAHVE 300-180x100x65cm (LIMA 02)<\/p>\n<p>% 50 PES &#8211; % 50 COTTON<\/p>\n<p>( LIMA 02 )<\/p>\n<p>SADECE KURU TEM\u0130ZLEME YAPILAB\u0130L\u0130R.<\/p>\n","protected":false},"excerpt":{"rendered":"<p>611PYM000018 NORA KOSE KOLTUK BEJ-KAHVE 300-180x100x65cm (LIMA 02) % 50 PES &#8211; % 50 COTTON ( LIMA 02 ) SADECE KURU TEM\u0130ZLEME YAPILAB\u0130L\u0130R.<\/p>\n","protected":false},"featured_media":15913,"template":"","meta":[],"product_brand":[],"product_cat":[73],"product_tag":[1175],"class_list":{"0":"post-15912","1":"product","2":"type-product","3":"status-publish","4":"has-post-thumbnail","6":"product_cat-611pym","7":"product_tag-611pym000018","9":"first","10":"instock","11":"taxable","12":"shipping-taxable","13":"product-type-simple"},"_links":{"self":[{"href":"https:\/\/kervanmagazacilik.com\/index.php\/wp-json\/wp\/v2\/product\/15912","targetHints":{"allow":["GET"]}}],"collection":[{"href":"https:\/\/kervanmagazacilik.com\/index.php\/wp-json\/wp\/v2\/product"}],"about":[{"href":"https:\/\/kervanmagazacilik.com\/index.php\/wp-json\/wp\/v2\/types\/product"}],"wp:featuredmedia":[{"embeddable":true,"href":"https:\/\/kervanmagazacilik.com\/index.php\/wp-json\/wp\/v2\/media\/15913"}],"wp:attachment":[{"href":"https:\/\/kervanmagazacilik.com\/index.php\/wp-json\/wp\/v2\/media?parent=15912"}],"wp:term":[{"taxonomy":"product_brand","embeddable":true,"href":"https:\/\/kervanmagazacilik.com\/index.php\/wp-json\/wp\/v2\/product_brand?post=15912"},{"taxonomy":"product_cat","embeddable":true,"href":"https:\/\/kervanmagazacilik.com\/index.php\/wp-json\/wp\/v2\/product_cat?post=15912"},{"taxonomy":"product_tag","embeddable":true,"href":"https:\/\/kervanmagazacilik.com\/index.php\/wp-json\/wp\/v2\/product_tag?post=15912"}],"curies":[{"name":"wp","href":"https:\/\/api.w.org\/{rel}","templated":true}]}}