{"id":15906,"date":"2024-11-25T14:41:42","date_gmt":"2024-11-25T11:41:42","guid":{"rendered":"https:\/\/kervanmagazacilik.com\/?post_type=product&#038;p=15906"},"modified":"2024-11-25T14:41:42","modified_gmt":"2024-11-25T11:41:42","slug":"611pym000015","status":"publish","type":"product","link":"https:\/\/kervanmagazacilik.com\/index.php\/urun\/611pym000015\/","title":{"rendered":"611PYM000015"},"content":{"rendered":"<p>611PYM000015<\/p>\n<p>NORA BERJER BEJ-KAHVE 80x85x90cm ( LIMA 02 )<\/p>\n<p>% 50 PES &#8211; % 50 COTTON<\/p>\n<p>( LIMA 02 )<\/p>\n<p>SADECE KURU TEM\u0130ZLEME YAPILAB\u0130L\u0130R<\/p>\n","protected":false},"excerpt":{"rendered":"<p>611PYM000015 NORA BERJER BEJ-KAHVE 80x85x90cm ( LIMA 02 ) % 50 PES &#8211; % 50 COTTON ( LIMA 02 ) SADECE KURU TEM\u0130ZLEME YAPILAB\u0130L\u0130R<\/p>\n","protected":false},"featured_media":15908,"template":"","meta":[],"product_brand":[],"product_cat":[73],"product_tag":[1172],"class_list":{"0":"post-15906","1":"product","2":"type-product","3":"status-publish","4":"has-post-thumbnail","6":"product_cat-611pym","7":"product_tag-611pym000015","9":"first","10":"instock","11":"taxable","12":"shipping-taxable","13":"product-type-simple"},"_links":{"self":[{"href":"https:\/\/kervanmagazacilik.com\/index.php\/wp-json\/wp\/v2\/product\/15906","targetHints":{"allow":["GET"]}}],"collection":[{"href":"https:\/\/kervanmagazacilik.com\/index.php\/wp-json\/wp\/v2\/product"}],"about":[{"href":"https:\/\/kervanmagazacilik.com\/index.php\/wp-json\/wp\/v2\/types\/product"}],"wp:featuredmedia":[{"embeddable":true,"href":"https:\/\/kervanmagazacilik.com\/index.php\/wp-json\/wp\/v2\/media\/15908"}],"wp:attachment":[{"href":"https:\/\/kervanmagazacilik.com\/index.php\/wp-json\/wp\/v2\/media?parent=15906"}],"wp:term":[{"taxonomy":"product_brand","embeddable":true,"href":"https:\/\/kervanmagazacilik.com\/index.php\/wp-json\/wp\/v2\/product_brand?post=15906"},{"taxonomy":"product_cat","embeddable":true,"href":"https:\/\/kervanmagazacilik.com\/index.php\/wp-json\/wp\/v2\/product_cat?post=15906"},{"taxonomy":"product_tag","embeddable":true,"href":"https:\/\/kervanmagazacilik.com\/index.php\/wp-json\/wp\/v2\/product_tag?post=15906"}],"curies":[{"name":"wp","href":"https:\/\/api.w.org\/{rel}","templated":true}]}}