{"id":15890,"date":"2024-11-25T14:38:03","date_gmt":"2024-11-25T11:38:03","guid":{"rendered":"https:\/\/kervanmagazacilik.com\/?post_type=product&#038;p=15890"},"modified":"2024-11-25T14:38:07","modified_gmt":"2024-11-25T11:38:07","slug":"611pym000013","status":"publish","type":"product","link":"https:\/\/kervanmagazacilik.com\/index.php\/urun\/611pym000013\/","title":{"rendered":"611PYM000013"},"content":{"rendered":"<p>611PYM000013<\/p>\n<p>LUZIA BERJER GRI 70x90x78cm (PATARA-02)<\/p>\n<p>% 16 POLYESTER &#8211; % 84 POLIPROPULEN<\/p>\n<p>PATARA 02<\/p>\n<p>SADECE KURU TEM\u0130ZLEME YAPILAB\u0130L\u0130R.<\/p>\n","protected":false},"excerpt":{"rendered":"<p>611PYM000013 LUZIA BERJER GRI 70x90x78cm (PATARA-02) % 16 POLYESTER &#8211; % 84 POLIPROPULEN PATARA 02 SADECE KURU TEM\u0130ZLEME YAPILAB\u0130L\u0130R.<\/p>\n","protected":false},"featured_media":15891,"template":"","meta":[],"product_brand":[],"product_cat":[73],"product_tag":[1170],"class_list":{"0":"post-15890","1":"product","2":"type-product","3":"status-publish","4":"has-post-thumbnail","6":"product_cat-611pym","7":"product_tag-611pym000013","9":"first","10":"instock","11":"taxable","12":"shipping-taxable","13":"product-type-simple"},"_links":{"self":[{"href":"https:\/\/kervanmagazacilik.com\/index.php\/wp-json\/wp\/v2\/product\/15890","targetHints":{"allow":["GET"]}}],"collection":[{"href":"https:\/\/kervanmagazacilik.com\/index.php\/wp-json\/wp\/v2\/product"}],"about":[{"href":"https:\/\/kervanmagazacilik.com\/index.php\/wp-json\/wp\/v2\/types\/product"}],"wp:featuredmedia":[{"embeddable":true,"href":"https:\/\/kervanmagazacilik.com\/index.php\/wp-json\/wp\/v2\/media\/15891"}],"wp:attachment":[{"href":"https:\/\/kervanmagazacilik.com\/index.php\/wp-json\/wp\/v2\/media?parent=15890"}],"wp:term":[{"taxonomy":"product_brand","embeddable":true,"href":"https:\/\/kervanmagazacilik.com\/index.php\/wp-json\/wp\/v2\/product_brand?post=15890"},{"taxonomy":"product_cat","embeddable":true,"href":"https:\/\/kervanmagazacilik.com\/index.php\/wp-json\/wp\/v2\/product_cat?post=15890"},{"taxonomy":"product_tag","embeddable":true,"href":"https:\/\/kervanmagazacilik.com\/index.php\/wp-json\/wp\/v2\/product_tag?post=15890"}],"curies":[{"name":"wp","href":"https:\/\/api.w.org\/{rel}","templated":true}]}}