{"id":15874,"date":"2024-11-25T14:28:25","date_gmt":"2024-11-25T11:28:25","guid":{"rendered":"https:\/\/kervanmagazacilik.com\/?post_type=product&#038;p=15874"},"modified":"2024-11-25T14:28:25","modified_gmt":"2024-11-25T11:28:25","slug":"611pym000008","status":"publish","type":"product","link":"https:\/\/kervanmagazacilik.com\/index.php\/urun\/611pym000008\/","title":{"rendered":"611PYM000008"},"content":{"rendered":"<p>611PYM000008<\/p>\n<p>LUZIA UCLU KOLTUK GRI 90x240x65cm (PATARA-02)<\/p>\n<p>% 16 POLYESTER &#8211; % 84 POLIPROPULEN<\/p>\n<p>PATARA 02<\/p>\n<p>SADECE KURU TEM\u0130ZLEME YAPILAB\u0130L\u0130R.<\/p>\n","protected":false},"excerpt":{"rendered":"<p>611PYM000008 LUZIA UCLU KOLTUK GRI 90x240x65cm (PATARA-02) % 16 POLYESTER &#8211; % 84 POLIPROPULEN PATARA 02 SADECE KURU TEM\u0130ZLEME YAPILAB\u0130L\u0130R.<\/p>\n","protected":false},"featured_media":15875,"template":"","meta":[],"product_brand":[],"product_cat":[73],"product_tag":[1165],"class_list":{"0":"post-15874","1":"product","2":"type-product","3":"status-publish","4":"has-post-thumbnail","6":"product_cat-611pym","7":"product_tag-611pym000008","9":"first","10":"instock","11":"taxable","12":"shipping-taxable","13":"product-type-simple"},"_links":{"self":[{"href":"https:\/\/kervanmagazacilik.com\/index.php\/wp-json\/wp\/v2\/product\/15874","targetHints":{"allow":["GET"]}}],"collection":[{"href":"https:\/\/kervanmagazacilik.com\/index.php\/wp-json\/wp\/v2\/product"}],"about":[{"href":"https:\/\/kervanmagazacilik.com\/index.php\/wp-json\/wp\/v2\/types\/product"}],"wp:featuredmedia":[{"embeddable":true,"href":"https:\/\/kervanmagazacilik.com\/index.php\/wp-json\/wp\/v2\/media\/15875"}],"wp:attachment":[{"href":"https:\/\/kervanmagazacilik.com\/index.php\/wp-json\/wp\/v2\/media?parent=15874"}],"wp:term":[{"taxonomy":"product_brand","embeddable":true,"href":"https:\/\/kervanmagazacilik.com\/index.php\/wp-json\/wp\/v2\/product_brand?post=15874"},{"taxonomy":"product_cat","embeddable":true,"href":"https:\/\/kervanmagazacilik.com\/index.php\/wp-json\/wp\/v2\/product_cat?post=15874"},{"taxonomy":"product_tag","embeddable":true,"href":"https:\/\/kervanmagazacilik.com\/index.php\/wp-json\/wp\/v2\/product_tag?post=15874"}],"curies":[{"name":"wp","href":"https:\/\/api.w.org\/{rel}","templated":true}]}}