{"id":15865,"date":"2024-11-25T14:32:43","date_gmt":"2024-11-25T11:32:43","guid":{"rendered":"https:\/\/kervanmagazacilik.com\/?post_type=product&#038;p=15865"},"modified":"2024-11-25T14:34:12","modified_gmt":"2024-11-25T11:34:12","slug":"900win00004a","status":"publish","type":"product","link":"https:\/\/kervanmagazacilik.com\/index.php\/urun\/900win00004a\/","title":{"rendered":"900WIN00004A"},"content":{"rendered":"<p>900WIN00004A<\/p>\n<p>CYCAS PALMIYE YAPAY AGAC K\u00dc\u00c7\u00dcK 120cm (759TUF000014)<\/p>\n<p>Saks\u0131 materyal: \u00c7imento<br \/>\nA\u011fa\u00e7 materyal: Polietilen-Demir<br \/>\nNemli bir bez ile temizlenmelidir<br \/>\n\u0130\u00e7 mekan kullan\u0131m\u0131na uygundur<\/p>\n<p>ALT GRUP: EV DEKOR-YAPAY A\u011eA\u00c7<\/p>\n","protected":false},"excerpt":{"rendered":"<p>900WIN00004A CYCAS PALMIYE YAPAY AGAC K\u00dc\u00c7\u00dcK 120cm (759TUF000014) Saks\u0131 materyal: \u00c7imento A\u011fa\u00e7 materyal: Polietilen-Demir Nemli bir bez ile temizlenmelidir \u0130\u00e7 mekan kullan\u0131m\u0131na uygundur ALT GRUP: EV DEKOR-YAPAY A\u011eA\u00c7<\/p>\n","protected":false},"featured_media":15873,"template":"","meta":[],"product_brand":[],"product_cat":[290],"product_tag":[3593],"class_list":{"0":"post-15865","1":"product","2":"type-product","3":"status-publish","4":"has-post-thumbnail","6":"product_cat-900win","7":"product_tag-900win00004a","9":"first","10":"instock","11":"taxable","12":"shipping-taxable","13":"product-type-simple"},"_links":{"self":[{"href":"https:\/\/kervanmagazacilik.com\/index.php\/wp-json\/wp\/v2\/product\/15865","targetHints":{"allow":["GET"]}}],"collection":[{"href":"https:\/\/kervanmagazacilik.com\/index.php\/wp-json\/wp\/v2\/product"}],"about":[{"href":"https:\/\/kervanmagazacilik.com\/index.php\/wp-json\/wp\/v2\/types\/product"}],"wp:featuredmedia":[{"embeddable":true,"href":"https:\/\/kervanmagazacilik.com\/index.php\/wp-json\/wp\/v2\/media\/15873"}],"wp:attachment":[{"href":"https:\/\/kervanmagazacilik.com\/index.php\/wp-json\/wp\/v2\/media?parent=15865"}],"wp:term":[{"taxonomy":"product_brand","embeddable":true,"href":"https:\/\/kervanmagazacilik.com\/index.php\/wp-json\/wp\/v2\/product_brand?post=15865"},{"taxonomy":"product_cat","embeddable":true,"href":"https:\/\/kervanmagazacilik.com\/index.php\/wp-json\/wp\/v2\/product_cat?post=15865"},{"taxonomy":"product_tag","embeddable":true,"href":"https:\/\/kervanmagazacilik.com\/index.php\/wp-json\/wp\/v2\/product_tag?post=15865"}],"curies":[{"name":"wp","href":"https:\/\/api.w.org\/{rel}","templated":true}]}}