{"id":15853,"date":"2024-11-25T14:16:24","date_gmt":"2024-11-25T11:16:24","guid":{"rendered":"https:\/\/kervanmagazacilik.com\/?post_type=product&#038;p=15853"},"modified":"2024-11-25T14:16:25","modified_gmt":"2024-11-25T11:16:25","slug":"900win00001a","status":"publish","type":"product","link":"https:\/\/kervanmagazacilik.com\/index.php\/urun\/900win00001a\/","title":{"rendered":"900WIN00001A"},"content":{"rendered":"<p>900WIN00001A<\/p>\n<p>MUZ YAPAY AGAC 150cm (759TUF000015)<\/p>\n<p>Saks\u0131 materyal: \u00c7imento<br \/>\nA\u011fa\u00e7 materyal: Polietilen-Demir<br \/>\nNemli bir bez ile temizlenmelidir<br \/>\n\u0130\u00e7 mekan kullan\u0131m\u0131na uygundur<\/p>\n<p>ALT GRUP: EV DEKOR-YAPAY A\u011eA\u00c7<\/p>\n","protected":false},"excerpt":{"rendered":"<p>900WIN00001A MUZ YAPAY AGAC 150cm (759TUF000015) Saks\u0131 materyal: \u00c7imento A\u011fa\u00e7 materyal: Polietilen-Demir Nemli bir bez ile temizlenmelidir \u0130\u00e7 mekan kullan\u0131m\u0131na uygundur ALT GRUP: EV DEKOR-YAPAY A\u011eA\u00c7<\/p>\n","protected":false},"featured_media":15854,"template":"","meta":[],"product_brand":[],"product_cat":[290],"product_tag":[3590],"class_list":{"0":"post-15853","1":"product","2":"type-product","3":"status-publish","4":"has-post-thumbnail","6":"product_cat-900win","7":"product_tag-900win00001a","9":"first","10":"instock","11":"taxable","12":"shipping-taxable","13":"product-type-simple"},"_links":{"self":[{"href":"https:\/\/kervanmagazacilik.com\/index.php\/wp-json\/wp\/v2\/product\/15853","targetHints":{"allow":["GET"]}}],"collection":[{"href":"https:\/\/kervanmagazacilik.com\/index.php\/wp-json\/wp\/v2\/product"}],"about":[{"href":"https:\/\/kervanmagazacilik.com\/index.php\/wp-json\/wp\/v2\/types\/product"}],"wp:featuredmedia":[{"embeddable":true,"href":"https:\/\/kervanmagazacilik.com\/index.php\/wp-json\/wp\/v2\/media\/15854"}],"wp:attachment":[{"href":"https:\/\/kervanmagazacilik.com\/index.php\/wp-json\/wp\/v2\/media?parent=15853"}],"wp:term":[{"taxonomy":"product_brand","embeddable":true,"href":"https:\/\/kervanmagazacilik.com\/index.php\/wp-json\/wp\/v2\/product_brand?post=15853"},{"taxonomy":"product_cat","embeddable":true,"href":"https:\/\/kervanmagazacilik.com\/index.php\/wp-json\/wp\/v2\/product_cat?post=15853"},{"taxonomy":"product_tag","embeddable":true,"href":"https:\/\/kervanmagazacilik.com\/index.php\/wp-json\/wp\/v2\/product_tag?post=15853"}],"curies":[{"name":"wp","href":"https:\/\/api.w.org\/{rel}","templated":true}]}}