{"id":15792,"date":"2024-11-25T11:08:39","date_gmt":"2024-11-25T08:08:39","guid":{"rendered":"https:\/\/kervanmagazacilik.com\/?post_type=product&#038;p=15792"},"modified":"2024-11-25T11:08:39","modified_gmt":"2024-11-25T08:08:39","slug":"759ozv000202","status":"publish","type":"product","link":"https:\/\/kervanmagazacilik.com\/index.php\/urun\/759ozv000202\/","title":{"rendered":"759OZV000202"},"content":{"rendered":"<p>759OZV000202<\/p>\n<p>93570002 SAAT DK-9094 \u00c7AP:80 G\u00dcM\u00dc\u015e \u00c7ARKLI<\/p>\n","protected":false},"excerpt":{"rendered":"<p>759OZV000202 93570002 SAAT DK-9094 \u00c7AP:80 G\u00dcM\u00dc\u015e \u00c7ARKLI<\/p>\n","protected":false},"featured_media":15793,"template":"","meta":[],"product_brand":[],"product_cat":[254],"product_tag":[3571],"class_list":{"0":"post-15792","1":"product","2":"type-product","3":"status-publish","4":"has-post-thumbnail","6":"product_cat-759ozv","7":"product_tag-759ozv000202","9":"first","10":"instock","11":"taxable","12":"shipping-taxable","13":"product-type-simple"},"_links":{"self":[{"href":"https:\/\/kervanmagazacilik.com\/index.php\/wp-json\/wp\/v2\/product\/15792","targetHints":{"allow":["GET"]}}],"collection":[{"href":"https:\/\/kervanmagazacilik.com\/index.php\/wp-json\/wp\/v2\/product"}],"about":[{"href":"https:\/\/kervanmagazacilik.com\/index.php\/wp-json\/wp\/v2\/types\/product"}],"wp:featuredmedia":[{"embeddable":true,"href":"https:\/\/kervanmagazacilik.com\/index.php\/wp-json\/wp\/v2\/media\/15793"}],"wp:attachment":[{"href":"https:\/\/kervanmagazacilik.com\/index.php\/wp-json\/wp\/v2\/media?parent=15792"}],"wp:term":[{"taxonomy":"product_brand","embeddable":true,"href":"https:\/\/kervanmagazacilik.com\/index.php\/wp-json\/wp\/v2\/product_brand?post=15792"},{"taxonomy":"product_cat","embeddable":true,"href":"https:\/\/kervanmagazacilik.com\/index.php\/wp-json\/wp\/v2\/product_cat?post=15792"},{"taxonomy":"product_tag","embeddable":true,"href":"https:\/\/kervanmagazacilik.com\/index.php\/wp-json\/wp\/v2\/product_tag?post=15792"}],"curies":[{"name":"wp","href":"https:\/\/api.w.org\/{rel}","templated":true}]}}