{"id":15705,"date":"2024-11-24T20:22:54","date_gmt":"2024-11-24T17:22:54","guid":{"rendered":"https:\/\/kervanmagazacilik.com\/?post_type=product&#038;p=15705"},"modified":"2024-11-24T20:22:55","modified_gmt":"2024-11-24T17:22:55","slug":"161063125652","status":"publish","type":"product","link":"https:\/\/kervanmagazacilik.com\/index.php\/urun\/161063125652\/","title":{"rendered":"161063125652"},"content":{"rendered":"<p>161063125652<\/p>\n<p>AMELIYA M\/L BEDEN BORNOZ KREM<\/p>\n<div>Bornoz; %60 pamuk %40 bambu<\/div>\n<div>Aksesuar; %100 polyester<\/div>\n<div>30 derece y\u0131kama<\/div>\n<div>\u00c7ama\u015f\u0131r suyu konamaz<\/div>\n<div>Kurutma makinesinde kurutulamaz<\/div>\n<div>D\u00fc\u015f\u00fck \u0131s\u0131da \u00fct\u00fclenmelidir<\/div>\n<div><\/div>\n<div>ALT GRUP: BANYO TEKST\u0130L\u0130<\/div>\n","protected":false},"excerpt":{"rendered":"<p>161063125652 AMELIYA M\/L BEDEN BORNOZ KREM Bornoz; %60 pamuk %40 bambu Aksesuar; %100 polyester 30 derece y\u0131kama \u00c7ama\u015f\u0131r suyu konamaz Kurutma makinesinde kurutulamaz D\u00fc\u015f\u00fck \u0131s\u0131da \u00fct\u00fclenmelidir ALT GRUP: BANYO TEKST\u0130L\u0130<\/p>\n","protected":false},"featured_media":15706,"template":"","meta":[],"product_brand":[],"product_cat":[3213],"product_tag":[3538],"class_list":{"0":"post-15705","1":"product","2":"type-product","3":"status-publish","4":"has-post-thumbnail","6":"product_cat-3213","7":"product_tag-3538","9":"first","10":"instock","11":"taxable","12":"shipping-taxable","13":"product-type-simple"},"_links":{"self":[{"href":"https:\/\/kervanmagazacilik.com\/index.php\/wp-json\/wp\/v2\/product\/15705","targetHints":{"allow":["GET"]}}],"collection":[{"href":"https:\/\/kervanmagazacilik.com\/index.php\/wp-json\/wp\/v2\/product"}],"about":[{"href":"https:\/\/kervanmagazacilik.com\/index.php\/wp-json\/wp\/v2\/types\/product"}],"wp:featuredmedia":[{"embeddable":true,"href":"https:\/\/kervanmagazacilik.com\/index.php\/wp-json\/wp\/v2\/media\/15706"}],"wp:attachment":[{"href":"https:\/\/kervanmagazacilik.com\/index.php\/wp-json\/wp\/v2\/media?parent=15705"}],"wp:term":[{"taxonomy":"product_brand","embeddable":true,"href":"https:\/\/kervanmagazacilik.com\/index.php\/wp-json\/wp\/v2\/product_brand?post=15705"},{"taxonomy":"product_cat","embeddable":true,"href":"https:\/\/kervanmagazacilik.com\/index.php\/wp-json\/wp\/v2\/product_cat?post=15705"},{"taxonomy":"product_tag","embeddable":true,"href":"https:\/\/kervanmagazacilik.com\/index.php\/wp-json\/wp\/v2\/product_tag?post=15705"}],"curies":[{"name":"wp","href":"https:\/\/api.w.org\/{rel}","templated":true}]}}