{"id":15621,"date":"2024-11-23T18:54:10","date_gmt":"2024-11-23T15:54:10","guid":{"rendered":"https:\/\/kervanmagazacilik.com\/?post_type=product&#038;p=15621"},"modified":"2024-11-23T18:54:10","modified_gmt":"2024-11-23T15:54:10","slug":"759ozv000220","status":"publish","type":"product","link":"https:\/\/kervanmagazacilik.com\/index.php\/urun\/759ozv000220\/","title":{"rendered":"759OZV000220"},"content":{"rendered":"<p>759OZV000220<\/p>\n<p>94390002 SAAT DK-9246 96X126CM G\u00dcM\u00dc\u015e<\/p>\n","protected":false},"excerpt":{"rendered":"<p>759OZV000220 94390002 SAAT DK-9246 96X126CM G\u00dcM\u00dc\u015e<\/p>\n","protected":false},"featured_media":15622,"template":"","meta":[],"product_brand":[],"product_cat":[254],"product_tag":[3508],"class_list":{"0":"post-15621","1":"product","2":"type-product","3":"status-publish","4":"has-post-thumbnail","6":"product_cat-759ozv","7":"product_tag-759ozv000220","9":"first","10":"instock","11":"taxable","12":"shipping-taxable","13":"product-type-simple"},"_links":{"self":[{"href":"https:\/\/kervanmagazacilik.com\/index.php\/wp-json\/wp\/v2\/product\/15621","targetHints":{"allow":["GET"]}}],"collection":[{"href":"https:\/\/kervanmagazacilik.com\/index.php\/wp-json\/wp\/v2\/product"}],"about":[{"href":"https:\/\/kervanmagazacilik.com\/index.php\/wp-json\/wp\/v2\/types\/product"}],"wp:featuredmedia":[{"embeddable":true,"href":"https:\/\/kervanmagazacilik.com\/index.php\/wp-json\/wp\/v2\/media\/15622"}],"wp:attachment":[{"href":"https:\/\/kervanmagazacilik.com\/index.php\/wp-json\/wp\/v2\/media?parent=15621"}],"wp:term":[{"taxonomy":"product_brand","embeddable":true,"href":"https:\/\/kervanmagazacilik.com\/index.php\/wp-json\/wp\/v2\/product_brand?post=15621"},{"taxonomy":"product_cat","embeddable":true,"href":"https:\/\/kervanmagazacilik.com\/index.php\/wp-json\/wp\/v2\/product_cat?post=15621"},{"taxonomy":"product_tag","embeddable":true,"href":"https:\/\/kervanmagazacilik.com\/index.php\/wp-json\/wp\/v2\/product_tag?post=15621"}],"curies":[{"name":"wp","href":"https:\/\/api.w.org\/{rel}","templated":true}]}}