{"id":15582,"date":"2024-11-23T18:16:36","date_gmt":"2024-11-23T15:16:36","guid":{"rendered":"https:\/\/kervanmagazacilik.com\/?post_type=product&#038;p=15582"},"modified":"2024-11-23T18:16:37","modified_gmt":"2024-11-23T15:16:37","slug":"759ozv000105","status":"publish","type":"product","link":"https:\/\/kervanmagazacilik.com\/index.php\/urun\/759ozv000105\/","title":{"rendered":"759OZV000105"},"content":{"rendered":"<p>759OZV000105<\/p>\n<p>ESK\u0130TME FOTO\u011eRAF \u00c7ER\u00c7EVES\u0130 15x21cm 65610639<\/p>\n","protected":false},"excerpt":{"rendered":"<p>759OZV000105 ESK\u0130TME FOTO\u011eRAF \u00c7ER\u00c7EVES\u0130 15x21cm 65610639<\/p>\n","protected":false},"featured_media":15583,"template":"","meta":[],"product_brand":[],"product_cat":[254],"product_tag":[3493],"class_list":{"0":"post-15582","1":"product","2":"type-product","3":"status-publish","4":"has-post-thumbnail","6":"product_cat-759ozv","7":"product_tag-759ozv000105","9":"first","10":"instock","11":"taxable","12":"shipping-taxable","13":"product-type-simple"},"_links":{"self":[{"href":"https:\/\/kervanmagazacilik.com\/index.php\/wp-json\/wp\/v2\/product\/15582","targetHints":{"allow":["GET"]}}],"collection":[{"href":"https:\/\/kervanmagazacilik.com\/index.php\/wp-json\/wp\/v2\/product"}],"about":[{"href":"https:\/\/kervanmagazacilik.com\/index.php\/wp-json\/wp\/v2\/types\/product"}],"wp:featuredmedia":[{"embeddable":true,"href":"https:\/\/kervanmagazacilik.com\/index.php\/wp-json\/wp\/v2\/media\/15583"}],"wp:attachment":[{"href":"https:\/\/kervanmagazacilik.com\/index.php\/wp-json\/wp\/v2\/media?parent=15582"}],"wp:term":[{"taxonomy":"product_brand","embeddable":true,"href":"https:\/\/kervanmagazacilik.com\/index.php\/wp-json\/wp\/v2\/product_brand?post=15582"},{"taxonomy":"product_cat","embeddable":true,"href":"https:\/\/kervanmagazacilik.com\/index.php\/wp-json\/wp\/v2\/product_cat?post=15582"},{"taxonomy":"product_tag","embeddable":true,"href":"https:\/\/kervanmagazacilik.com\/index.php\/wp-json\/wp\/v2\/product_tag?post=15582"}],"curies":[{"name":"wp","href":"https:\/\/api.w.org\/{rel}","templated":true}]}}