{"id":15572,"date":"2024-11-23T18:10:47","date_gmt":"2024-11-23T15:10:47","guid":{"rendered":"https:\/\/kervanmagazacilik.com\/?post_type=product&#038;p=15572"},"modified":"2024-11-23T18:10:47","modified_gmt":"2024-11-23T15:10:47","slug":"759ozv000103","status":"publish","type":"product","link":"https:\/\/kervanmagazacilik.com\/index.php\/urun\/759ozv000103\/","title":{"rendered":"759OZV000103"},"content":{"rendered":"<p>759OZV000103<\/p>\n<p>FOTO\u011eRAF \u00c7ER\u00c7EVES\u0130 KREM 15x21cm 65610637<\/p>\n","protected":false},"excerpt":{"rendered":"<p>759OZV000103 FOTO\u011eRAF \u00c7ER\u00c7EVES\u0130 KREM 15x21cm 65610637<\/p>\n","protected":false},"featured_media":15573,"template":"","meta":[],"product_brand":[],"product_cat":[254],"product_tag":[3491],"class_list":{"0":"post-15572","1":"product","2":"type-product","3":"status-publish","4":"has-post-thumbnail","6":"product_cat-759ozv","7":"product_tag-759ozv000103","9":"first","10":"instock","11":"taxable","12":"shipping-taxable","13":"product-type-simple"},"_links":{"self":[{"href":"https:\/\/kervanmagazacilik.com\/index.php\/wp-json\/wp\/v2\/product\/15572","targetHints":{"allow":["GET"]}}],"collection":[{"href":"https:\/\/kervanmagazacilik.com\/index.php\/wp-json\/wp\/v2\/product"}],"about":[{"href":"https:\/\/kervanmagazacilik.com\/index.php\/wp-json\/wp\/v2\/types\/product"}],"wp:featuredmedia":[{"embeddable":true,"href":"https:\/\/kervanmagazacilik.com\/index.php\/wp-json\/wp\/v2\/media\/15573"}],"wp:attachment":[{"href":"https:\/\/kervanmagazacilik.com\/index.php\/wp-json\/wp\/v2\/media?parent=15572"}],"wp:term":[{"taxonomy":"product_brand","embeddable":true,"href":"https:\/\/kervanmagazacilik.com\/index.php\/wp-json\/wp\/v2\/product_brand?post=15572"},{"taxonomy":"product_cat","embeddable":true,"href":"https:\/\/kervanmagazacilik.com\/index.php\/wp-json\/wp\/v2\/product_cat?post=15572"},{"taxonomy":"product_tag","embeddable":true,"href":"https:\/\/kervanmagazacilik.com\/index.php\/wp-json\/wp\/v2\/product_tag?post=15572"}],"curies":[{"name":"wp","href":"https:\/\/api.w.org\/{rel}","templated":true}]}}