{"id":15557,"date":"2024-11-23T18:01:45","date_gmt":"2024-11-23T15:01:45","guid":{"rendered":"https:\/\/kervanmagazacilik.com\/?post_type=product&#038;p=15557"},"modified":"2024-11-23T18:01:45","modified_gmt":"2024-11-23T15:01:45","slug":"759ozv000101","status":"publish","type":"product","link":"https:\/\/kervanmagazacilik.com\/index.php\/urun\/759ozv000101\/","title":{"rendered":"759OZV000101"},"content":{"rendered":"<p>759OZV000101<\/p>\n<p>SATRANC SET 45x45cm<\/p>\n<p>TA\u015eLAR ; METAL D\u00d6K\u00dcM<\/p>\n","protected":false},"excerpt":{"rendered":"<p>759OZV000101 SATRANC SET 45x45cm TA\u015eLAR ; METAL D\u00d6K\u00dcM<\/p>\n","protected":false},"featured_media":15558,"template":"","meta":[],"product_brand":[],"product_cat":[254],"product_tag":[3489],"class_list":{"0":"post-15557","1":"product","2":"type-product","3":"status-publish","4":"has-post-thumbnail","6":"product_cat-759ozv","7":"product_tag-759ozv000101","9":"first","10":"instock","11":"taxable","12":"shipping-taxable","13":"product-type-simple"},"_links":{"self":[{"href":"https:\/\/kervanmagazacilik.com\/index.php\/wp-json\/wp\/v2\/product\/15557","targetHints":{"allow":["GET"]}}],"collection":[{"href":"https:\/\/kervanmagazacilik.com\/index.php\/wp-json\/wp\/v2\/product"}],"about":[{"href":"https:\/\/kervanmagazacilik.com\/index.php\/wp-json\/wp\/v2\/types\/product"}],"wp:featuredmedia":[{"embeddable":true,"href":"https:\/\/kervanmagazacilik.com\/index.php\/wp-json\/wp\/v2\/media\/15558"}],"wp:attachment":[{"href":"https:\/\/kervanmagazacilik.com\/index.php\/wp-json\/wp\/v2\/media?parent=15557"}],"wp:term":[{"taxonomy":"product_brand","embeddable":true,"href":"https:\/\/kervanmagazacilik.com\/index.php\/wp-json\/wp\/v2\/product_brand?post=15557"},{"taxonomy":"product_cat","embeddable":true,"href":"https:\/\/kervanmagazacilik.com\/index.php\/wp-json\/wp\/v2\/product_cat?post=15557"},{"taxonomy":"product_tag","embeddable":true,"href":"https:\/\/kervanmagazacilik.com\/index.php\/wp-json\/wp\/v2\/product_tag?post=15557"}],"curies":[{"name":"wp","href":"https:\/\/api.w.org\/{rel}","templated":true}]}}