{"id":15551,"date":"2024-11-23T17:59:03","date_gmt":"2024-11-23T14:59:03","guid":{"rendered":"https:\/\/kervanmagazacilik.com\/?post_type=product&#038;p=15551"},"modified":"2024-11-23T17:59:04","modified_gmt":"2024-11-23T14:59:04","slug":"759ozv000100","status":"publish","type":"product","link":"https:\/\/kervanmagazacilik.com\/index.php\/urun\/759ozv000100\/","title":{"rendered":"759OZV000100"},"content":{"rendered":"<p>759OZV000100<\/p>\n<p>SATRANC SET 35x35cm<\/p>\n<p>TA\u015eLAR ; METAL D\u00d6K\u00dcM<\/p>\n","protected":false},"excerpt":{"rendered":"<p>759OZV000100 SATRANC SET 35x35cm TA\u015eLAR ; METAL D\u00d6K\u00dcM<\/p>\n","protected":false},"featured_media":15553,"template":"","meta":[],"product_brand":[],"product_cat":[254],"product_tag":[3488],"class_list":{"0":"post-15551","1":"product","2":"type-product","3":"status-publish","4":"has-post-thumbnail","6":"product_cat-759ozv","7":"product_tag-759ozv000100","9":"first","10":"instock","11":"taxable","12":"shipping-taxable","13":"product-type-simple"},"_links":{"self":[{"href":"https:\/\/kervanmagazacilik.com\/index.php\/wp-json\/wp\/v2\/product\/15551","targetHints":{"allow":["GET"]}}],"collection":[{"href":"https:\/\/kervanmagazacilik.com\/index.php\/wp-json\/wp\/v2\/product"}],"about":[{"href":"https:\/\/kervanmagazacilik.com\/index.php\/wp-json\/wp\/v2\/types\/product"}],"wp:featuredmedia":[{"embeddable":true,"href":"https:\/\/kervanmagazacilik.com\/index.php\/wp-json\/wp\/v2\/media\/15553"}],"wp:attachment":[{"href":"https:\/\/kervanmagazacilik.com\/index.php\/wp-json\/wp\/v2\/media?parent=15551"}],"wp:term":[{"taxonomy":"product_brand","embeddable":true,"href":"https:\/\/kervanmagazacilik.com\/index.php\/wp-json\/wp\/v2\/product_brand?post=15551"},{"taxonomy":"product_cat","embeddable":true,"href":"https:\/\/kervanmagazacilik.com\/index.php\/wp-json\/wp\/v2\/product_cat?post=15551"},{"taxonomy":"product_tag","embeddable":true,"href":"https:\/\/kervanmagazacilik.com\/index.php\/wp-json\/wp\/v2\/product_tag?post=15551"}],"curies":[{"name":"wp","href":"https:\/\/api.w.org\/{rel}","templated":true}]}}