{"id":15381,"date":"2024-11-21T16:46:47","date_gmt":"2024-11-21T13:46:47","guid":{"rendered":"https:\/\/kervanmagazacilik.com\/?post_type=product&#038;p=15381"},"modified":"2024-11-21T16:46:48","modified_gmt":"2024-11-21T13:46:48","slug":"611vr0000038","status":"publish","type":"product","link":"https:\/\/kervanmagazacilik.com\/index.php\/urun\/611vr0000038\/","title":{"rendered":"611VR0000038"},"content":{"rendered":"<p>611VR0000038<\/p>\n<p>TEAK RELAX KOLTUK TEKLI 76x76x90cm<\/p>\n<p>TEKL\u0130 : 76x76x90cm<\/p>\n<p>TA\u015eIMA KAPAS\u0130TES\u0130:100 KG<\/p>\n<p>FERMUARLI OLAN OTURMA M\u0130NDERLER\u0130 \u00c7IKARTILIP MAK\u0130NADA D\u00dc\u015e\u00dcK ISIDA YIKANAB\u0130L\u0130R.<\/p>\n<p>SIRT M\u0130NDERLER\u0130 KOMPLE MAK\u0130NAYA ATILIP D\u00dc\u015e\u00dcK ISIDA YIKANAB\u0130L\u0130R.<\/p>\n","protected":false},"excerpt":{"rendered":"<p>611VR0000038 TEAK RELAX KOLTUK TEKLI 76x76x90cm TEKL\u0130 : 76x76x90cm TA\u015eIMA KAPAS\u0130TES\u0130:100 KG FERMUARLI OLAN OTURMA M\u0130NDERLER\u0130 \u00c7IKARTILIP MAK\u0130NADA D\u00dc\u015e\u00dcK ISIDA YIKANAB\u0130L\u0130R. SIRT M\u0130NDERLER\u0130 KOMPLE MAK\u0130NAYA ATILIP D\u00dc\u015e\u00dcK ISIDA YIKANAB\u0130L\u0130R.<\/p>\n","protected":false},"featured_media":15385,"template":"","meta":[],"product_brand":[],"product_cat":[54],"product_tag":[3437],"class_list":{"0":"post-15381","1":"product","2":"type-product","3":"status-publish","4":"has-post-thumbnail","6":"product_cat-611vr","7":"product_tag-611vr0000038","9":"first","10":"instock","11":"taxable","12":"shipping-taxable","13":"product-type-simple"},"_links":{"self":[{"href":"https:\/\/kervanmagazacilik.com\/index.php\/wp-json\/wp\/v2\/product\/15381","targetHints":{"allow":["GET"]}}],"collection":[{"href":"https:\/\/kervanmagazacilik.com\/index.php\/wp-json\/wp\/v2\/product"}],"about":[{"href":"https:\/\/kervanmagazacilik.com\/index.php\/wp-json\/wp\/v2\/types\/product"}],"wp:featuredmedia":[{"embeddable":true,"href":"https:\/\/kervanmagazacilik.com\/index.php\/wp-json\/wp\/v2\/media\/15385"}],"wp:attachment":[{"href":"https:\/\/kervanmagazacilik.com\/index.php\/wp-json\/wp\/v2\/media?parent=15381"}],"wp:term":[{"taxonomy":"product_brand","embeddable":true,"href":"https:\/\/kervanmagazacilik.com\/index.php\/wp-json\/wp\/v2\/product_brand?post=15381"},{"taxonomy":"product_cat","embeddable":true,"href":"https:\/\/kervanmagazacilik.com\/index.php\/wp-json\/wp\/v2\/product_cat?post=15381"},{"taxonomy":"product_tag","embeddable":true,"href":"https:\/\/kervanmagazacilik.com\/index.php\/wp-json\/wp\/v2\/product_tag?post=15381"}],"curies":[{"name":"wp","href":"https:\/\/api.w.org\/{rel}","templated":true}]}}