{"id":14951,"date":"2024-11-18T07:48:28","date_gmt":"2024-11-18T04:48:28","guid":{"rendered":"https:\/\/kervanmagazacilik.com\/?post_type=product&#038;p=14951"},"modified":"2024-11-18T07:48:28","modified_gmt":"2024-11-18T04:48:28","slug":"161uck000214","status":"publish","type":"product","link":"https:\/\/kervanmagazacilik.com\/index.php\/urun\/161uck000214\/","title":{"rendered":"161UCK000214"},"content":{"rendered":"<p>161UCK000214<\/p>\n<p>SUZ\u0130 BAYAN BORNOZ SET 3 PR\u00c7. TA\u015e<\/p>\n<p>%100 COTTON<br \/>\n\u0130\u00c7ER\u0130K: 1 ADET BORNOZ + 1 ADET 90X150 CM HAVLU+ 1 ADET 50X90 CM HAVLU 30 derece narin y\u0131kama<br \/>\n\u00c7ama\u015f\u0131r suyu konamaz<br \/>\nKurutma makinesinde kurutulamaz<br \/>\nD\u00fc\u015f\u00fck \u0131s\u0131da \u00fct\u00fclenmelidir<\/p>\n<p>ALT GRUP: BANYO TEKST\u0130L\u0130<\/p>\n<p>BORNOZ: 370 gr\/m2<br \/>\n90&#215;150 cm HAVLU: 435 gr\/m2<br \/>\n50&#215;90 cm HAVLU: 435 gr\/m2<\/p>\n","protected":false},"excerpt":{"rendered":"<p>161UCK000214 SUZ\u0130 BAYAN BORNOZ SET 3 PR\u00c7. TA\u015e %100 COTTON \u0130\u00c7ER\u0130K: 1 ADET BORNOZ + 1 ADET 90X150 CM HAVLU+ 1 ADET 50X90 CM HAVLU 30 derece narin y\u0131kama \u00c7ama\u015f\u0131r suyu konamaz Kurutma makinesinde kurutulamaz D\u00fc\u015f\u00fck \u0131s\u0131da \u00fct\u00fclenmelidir ALT GRUP: BANYO TEKST\u0130L\u0130 BORNOZ: 370 gr\/m2 90&#215;150 cm HAVLU: 435 gr\/m2 50&#215;90 cm HAVLU: 435 gr\/m2<\/p>\n","protected":false},"featured_media":14952,"template":"","meta":[],"product_brand":[],"product_cat":[2901],"product_tag":[3249],"class_list":{"0":"post-14951","1":"product","2":"type-product","3":"status-publish","4":"has-post-thumbnail","6":"product_cat-161uck","7":"product_tag-161uck000214","9":"first","10":"instock","11":"taxable","12":"shipping-taxable","13":"product-type-simple"},"_links":{"self":[{"href":"https:\/\/kervanmagazacilik.com\/index.php\/wp-json\/wp\/v2\/product\/14951","targetHints":{"allow":["GET"]}}],"collection":[{"href":"https:\/\/kervanmagazacilik.com\/index.php\/wp-json\/wp\/v2\/product"}],"about":[{"href":"https:\/\/kervanmagazacilik.com\/index.php\/wp-json\/wp\/v2\/types\/product"}],"wp:featuredmedia":[{"embeddable":true,"href":"https:\/\/kervanmagazacilik.com\/index.php\/wp-json\/wp\/v2\/media\/14952"}],"wp:attachment":[{"href":"https:\/\/kervanmagazacilik.com\/index.php\/wp-json\/wp\/v2\/media?parent=14951"}],"wp:term":[{"taxonomy":"product_brand","embeddable":true,"href":"https:\/\/kervanmagazacilik.com\/index.php\/wp-json\/wp\/v2\/product_brand?post=14951"},{"taxonomy":"product_cat","embeddable":true,"href":"https:\/\/kervanmagazacilik.com\/index.php\/wp-json\/wp\/v2\/product_cat?post=14951"},{"taxonomy":"product_tag","embeddable":true,"href":"https:\/\/kervanmagazacilik.com\/index.php\/wp-json\/wp\/v2\/product_tag?post=14951"}],"curies":[{"name":"wp","href":"https:\/\/api.w.org\/{rel}","templated":true}]}}