{"id":14879,"date":"2024-11-18T00:57:15","date_gmt":"2024-11-17T21:57:15","guid":{"rendered":"https:\/\/kervanmagazacilik.com\/?post_type=product&#038;p=14879"},"modified":"2024-11-18T00:57:15","modified_gmt":"2024-11-17T21:57:15","slug":"161uck000106","status":"publish","type":"product","link":"https:\/\/kervanmagazacilik.com\/index.php\/urun\/161uck000106\/","title":{"rendered":"161UCK000106"},"content":{"rendered":"<p>161UCK000106<\/p>\n<p>MIELLA ERKEK BORNOZ SET 2 PRC KOYU GRI<\/p>\n<p>%100 COTTON ERKEK BORNOZ L BEDEN: 1 ADET , 50X90 HAVLU: 1 ADET 30 derece narin y\u0131kama yap\u0131lmal\u0131d\u0131r. \u00c7ama\u015f\u0131r suyu konamaz. Kurutma makinesinde kurutulamaz. D\u00fc\u015f\u00fck \u0131s\u0131da \u00fct\u00fclenmelidir.<\/p>\n","protected":false},"excerpt":{"rendered":"<p>161UCK000106 MIELLA ERKEK BORNOZ SET 2 PRC KOYU GRI %100 COTTON ERKEK BORNOZ L BEDEN: 1 ADET , 50X90 HAVLU: 1 ADET 30 derece narin y\u0131kama yap\u0131lmal\u0131d\u0131r. \u00c7ama\u015f\u0131r suyu konamaz. Kurutma makinesinde kurutulamaz. D\u00fc\u015f\u00fck \u0131s\u0131da \u00fct\u00fclenmelidir.<\/p>\n","protected":false},"featured_media":14882,"template":"","meta":[],"product_brand":[],"product_cat":[2901],"product_tag":[3235],"class_list":{"0":"post-14879","1":"product","2":"type-product","3":"status-publish","4":"has-post-thumbnail","6":"product_cat-161uck","7":"product_tag-161uck000106","9":"first","10":"instock","11":"taxable","12":"shipping-taxable","13":"product-type-simple"},"_links":{"self":[{"href":"https:\/\/kervanmagazacilik.com\/index.php\/wp-json\/wp\/v2\/product\/14879","targetHints":{"allow":["GET"]}}],"collection":[{"href":"https:\/\/kervanmagazacilik.com\/index.php\/wp-json\/wp\/v2\/product"}],"about":[{"href":"https:\/\/kervanmagazacilik.com\/index.php\/wp-json\/wp\/v2\/types\/product"}],"wp:featuredmedia":[{"embeddable":true,"href":"https:\/\/kervanmagazacilik.com\/index.php\/wp-json\/wp\/v2\/media\/14882"}],"wp:attachment":[{"href":"https:\/\/kervanmagazacilik.com\/index.php\/wp-json\/wp\/v2\/media?parent=14879"}],"wp:term":[{"taxonomy":"product_brand","embeddable":true,"href":"https:\/\/kervanmagazacilik.com\/index.php\/wp-json\/wp\/v2\/product_brand?post=14879"},{"taxonomy":"product_cat","embeddable":true,"href":"https:\/\/kervanmagazacilik.com\/index.php\/wp-json\/wp\/v2\/product_cat?post=14879"},{"taxonomy":"product_tag","embeddable":true,"href":"https:\/\/kervanmagazacilik.com\/index.php\/wp-json\/wp\/v2\/product_tag?post=14879"}],"curies":[{"name":"wp","href":"https:\/\/api.w.org\/{rel}","templated":true}]}}