{"id":14858,"date":"2024-11-18T00:41:22","date_gmt":"2024-11-17T21:41:22","guid":{"rendered":"https:\/\/kervanmagazacilik.com\/?post_type=product&#038;p=14858"},"modified":"2024-11-18T00:41:22","modified_gmt":"2024-11-17T21:41:22","slug":"161063027125","status":"publish","type":"product","link":"https:\/\/kervanmagazacilik.com\/index.php\/urun\/161063027125\/","title":{"rendered":"161063027125"},"content":{"rendered":"<p>161063027125<\/p>\n<p>BRUNELLA 10 PRC BORNOZ SET BEJ<\/p>\n<p>BRUNELLA 50X90 HAVLU BRUNELLA 90X150 HAVLU BRUNELLA TERL\u0130K (38-39 NUMARA) BRUNELLA BORNOZ (M\/L BEDEN) MR 50X90 HAVLU MR 90X150 HAVLU MR TERL\u0130K (43-44 NUMARA) MR BORNOZ (L\/XL BEDEN) \u00d6l\u00e7\u00fcler +\/- 5 cm de\u011fi\u015fkenlik g\u00f6sterebilir 30 derece y\u0131kama \u00c7ama\u015f\u0131r suyu konamaz Kurutma makinesinde kurutulamaz D\u00fc\u015f\u00fck \u0131s\u0131da \u00fct\u00fclenmelidir<\/p>\n","protected":false},"excerpt":{"rendered":"<p>161063027125 BRUNELLA 10 PRC BORNOZ SET BEJ BRUNELLA 50X90 HAVLU BRUNELLA 90X150 HAVLU BRUNELLA TERL\u0130K (38-39 NUMARA) BRUNELLA BORNOZ (M\/L BEDEN) MR 50X90 HAVLU MR 90X150 HAVLU MR TERL\u0130K (43-44 NUMARA) MR BORNOZ (L\/XL BEDEN) \u00d6l\u00e7\u00fcler +\/- 5 cm de\u011fi\u015fkenlik g\u00f6sterebilir 30 derece y\u0131kama \u00c7ama\u015f\u0131r suyu konamaz Kurutma makinesinde kurutulamaz D\u00fc\u015f\u00fck \u0131s\u0131da \u00fct\u00fclenmelidir<\/p>\n","protected":false},"featured_media":14863,"template":"","meta":[],"product_brand":[],"product_cat":[3213],"product_tag":[3227],"class_list":{"0":"post-14858","1":"product","2":"type-product","3":"status-publish","4":"has-post-thumbnail","6":"product_cat-3213","7":"product_tag-3227","9":"first","10":"instock","11":"taxable","12":"shipping-taxable","13":"product-type-simple"},"_links":{"self":[{"href":"https:\/\/kervanmagazacilik.com\/index.php\/wp-json\/wp\/v2\/product\/14858","targetHints":{"allow":["GET"]}}],"collection":[{"href":"https:\/\/kervanmagazacilik.com\/index.php\/wp-json\/wp\/v2\/product"}],"about":[{"href":"https:\/\/kervanmagazacilik.com\/index.php\/wp-json\/wp\/v2\/types\/product"}],"wp:featuredmedia":[{"embeddable":true,"href":"https:\/\/kervanmagazacilik.com\/index.php\/wp-json\/wp\/v2\/media\/14863"}],"wp:attachment":[{"href":"https:\/\/kervanmagazacilik.com\/index.php\/wp-json\/wp\/v2\/media?parent=14858"}],"wp:term":[{"taxonomy":"product_brand","embeddable":true,"href":"https:\/\/kervanmagazacilik.com\/index.php\/wp-json\/wp\/v2\/product_brand?post=14858"},{"taxonomy":"product_cat","embeddable":true,"href":"https:\/\/kervanmagazacilik.com\/index.php\/wp-json\/wp\/v2\/product_cat?post=14858"},{"taxonomy":"product_tag","embeddable":true,"href":"https:\/\/kervanmagazacilik.com\/index.php\/wp-json\/wp\/v2\/product_tag?post=14858"}],"curies":[{"name":"wp","href":"https:\/\/api.w.org\/{rel}","templated":true}]}}