{"id":14811,"date":"2024-11-17T21:55:54","date_gmt":"2024-11-17T18:55:54","guid":{"rendered":"https:\/\/kervanmagazacilik.com\/?post_type=product&#038;p=14811"},"modified":"2024-11-17T21:55:54","modified_gmt":"2024-11-17T18:55:54","slug":"150hsh000944","status":"publish","type":"product","link":"https:\/\/kervanmagazacilik.com\/index.php\/urun\/150hsh000944\/","title":{"rendered":"150HSH000944"},"content":{"rendered":"<p>150HSH000944<\/p>\n<p>ROSE PERLA CAMASIR SEPETI<\/p>\n<div>Kuma\u015f, %100 polyester<\/div>\n<div>Aksesuar, %100 polyester<\/div>\n<div>Sadece kuru bez ile temizleme yap\u0131lmal\u0131r<\/div>\n<div><\/div>\n<div><\/div>\n<div>\u00d6L\u00c7\u00dc:45X60<\/div>\n<div>\u00d6l\u00e7\u00fcler +\/- 5 cm de\u011fi\u015fkenlik g\u00f6sterebilir<\/div>\n<div><\/div>\n<div><\/div>\n<div>ALT GRUP: D\u0130\u011eER TEKST\u0130L \u00dcR\u00dcNLER\u0130<\/div>\n","protected":false},"excerpt":{"rendered":"<p>150HSH000944 ROSE PERLA CAMASIR SEPETI Kuma\u015f, %100 polyester Aksesuar, %100 polyester Sadece kuru bez ile temizleme yap\u0131lmal\u0131r \u00d6L\u00c7\u00dc:45X60 \u00d6l\u00e7\u00fcler +\/- 5 cm de\u011fi\u015fkenlik g\u00f6sterebilir ALT GRUP: D\u0130\u011eER TEKST\u0130L \u00dcR\u00dcNLER\u0130<\/p>\n","protected":false},"featured_media":14812,"template":"","meta":[],"product_brand":[],"product_cat":[164],"product_tag":[3212],"class_list":{"0":"post-14811","1":"product","2":"type-product","3":"status-publish","4":"has-post-thumbnail","6":"product_cat-150hsh","7":"product_tag-150hsh000944","9":"first","10":"instock","11":"taxable","12":"shipping-taxable","13":"product-type-simple"},"_links":{"self":[{"href":"https:\/\/kervanmagazacilik.com\/index.php\/wp-json\/wp\/v2\/product\/14811","targetHints":{"allow":["GET"]}}],"collection":[{"href":"https:\/\/kervanmagazacilik.com\/index.php\/wp-json\/wp\/v2\/product"}],"about":[{"href":"https:\/\/kervanmagazacilik.com\/index.php\/wp-json\/wp\/v2\/types\/product"}],"wp:featuredmedia":[{"embeddable":true,"href":"https:\/\/kervanmagazacilik.com\/index.php\/wp-json\/wp\/v2\/media\/14812"}],"wp:attachment":[{"href":"https:\/\/kervanmagazacilik.com\/index.php\/wp-json\/wp\/v2\/media?parent=14811"}],"wp:term":[{"taxonomy":"product_brand","embeddable":true,"href":"https:\/\/kervanmagazacilik.com\/index.php\/wp-json\/wp\/v2\/product_brand?post=14811"},{"taxonomy":"product_cat","embeddable":true,"href":"https:\/\/kervanmagazacilik.com\/index.php\/wp-json\/wp\/v2\/product_cat?post=14811"},{"taxonomy":"product_tag","embeddable":true,"href":"https:\/\/kervanmagazacilik.com\/index.php\/wp-json\/wp\/v2\/product_tag?post=14811"}],"curies":[{"name":"wp","href":"https:\/\/api.w.org\/{rel}","templated":true}]}}