{"id":14780,"date":"2024-11-17T21:36:12","date_gmt":"2024-11-17T18:36:12","guid":{"rendered":"https:\/\/kervanmagazacilik.com\/?post_type=product&#038;p=14780"},"modified":"2024-11-17T21:36:12","modified_gmt":"2024-11-17T18:36:12","slug":"150hsh000920","status":"publish","type":"product","link":"https:\/\/kervanmagazacilik.com\/index.php\/urun\/150hsh000920\/","title":{"rendered":"150HSH000920"},"content":{"rendered":"<p>150HSH000920<\/p>\n<p>RIGOS SEPET NATURAL-BEYAZ 20x10cm<\/p>\n<p>%100 Ka\u011f\u0131t ip<br \/>\nEl \u00f6rg\u00fcs\u00fcd\u00fcr.<br \/>\nY\u0131kama yap\u0131lamaz<br \/>\n\u00c7ama\u015f\u0131r suyu konamaz<br \/>\nKurutma makinesinde kurutulamaz<br \/>\n\u00dct\u00fcleme yap\u0131lamaz<br \/>\nSadece nemli bez ile silinebilir<br \/>\n\u00d6l\u00e7\u00fcler +\/- 5 cm de\u011fi\u015fkenlik g\u00f6sterebilir<\/p>\n<p>\u00d6l\u00e7\u00fcler +\/- 5 cm de\u011fi\u015fkenlik g\u00f6sterebilir<br \/>\nKapaks\u0131z sepet \u00f6l\u00e7\u00fcs\u00fc:9&#215;20 cm<br \/>\nKapak \u00f6l\u00e7\u00fcs\u00fc:3&#215;20<\/p>\n","protected":false},"excerpt":{"rendered":"<p>150HSH000920 RIGOS SEPET NATURAL-BEYAZ 20x10cm %100 Ka\u011f\u0131t ip El \u00f6rg\u00fcs\u00fcd\u00fcr. Y\u0131kama yap\u0131lamaz \u00c7ama\u015f\u0131r suyu konamaz Kurutma makinesinde kurutulamaz \u00dct\u00fcleme yap\u0131lamaz Sadece nemli bez ile silinebilir \u00d6l\u00e7\u00fcler +\/- 5 cm de\u011fi\u015fkenlik g\u00f6sterebilir \u00d6l\u00e7\u00fcler +\/- 5 cm de\u011fi\u015fkenlik g\u00f6sterebilir Kapaks\u0131z sepet \u00f6l\u00e7\u00fcs\u00fc:9&#215;20 cm Kapak \u00f6l\u00e7\u00fcs\u00fc:3&#215;20<\/p>\n","protected":false},"featured_media":14781,"template":"","meta":[],"product_brand":[],"product_cat":[164],"product_tag":[3206],"class_list":{"0":"post-14780","1":"product","2":"type-product","3":"status-publish","4":"has-post-thumbnail","6":"product_cat-150hsh","7":"product_tag-150hsh000920","9":"first","10":"instock","11":"taxable","12":"shipping-taxable","13":"product-type-simple"},"_links":{"self":[{"href":"https:\/\/kervanmagazacilik.com\/index.php\/wp-json\/wp\/v2\/product\/14780","targetHints":{"allow":["GET"]}}],"collection":[{"href":"https:\/\/kervanmagazacilik.com\/index.php\/wp-json\/wp\/v2\/product"}],"about":[{"href":"https:\/\/kervanmagazacilik.com\/index.php\/wp-json\/wp\/v2\/types\/product"}],"wp:featuredmedia":[{"embeddable":true,"href":"https:\/\/kervanmagazacilik.com\/index.php\/wp-json\/wp\/v2\/media\/14781"}],"wp:attachment":[{"href":"https:\/\/kervanmagazacilik.com\/index.php\/wp-json\/wp\/v2\/media?parent=14780"}],"wp:term":[{"taxonomy":"product_brand","embeddable":true,"href":"https:\/\/kervanmagazacilik.com\/index.php\/wp-json\/wp\/v2\/product_brand?post=14780"},{"taxonomy":"product_cat","embeddable":true,"href":"https:\/\/kervanmagazacilik.com\/index.php\/wp-json\/wp\/v2\/product_cat?post=14780"},{"taxonomy":"product_tag","embeddable":true,"href":"https:\/\/kervanmagazacilik.com\/index.php\/wp-json\/wp\/v2\/product_tag?post=14780"}],"curies":[{"name":"wp","href":"https:\/\/api.w.org\/{rel}","templated":true}]}}