{"id":14778,"date":"2024-11-17T21:32:43","date_gmt":"2024-11-17T18:32:43","guid":{"rendered":"https:\/\/kervanmagazacilik.com\/?post_type=product&#038;p=14778"},"modified":"2024-11-17T21:32:43","modified_gmt":"2024-11-17T18:32:43","slug":"150hsh000917","status":"publish","type":"product","link":"https:\/\/kervanmagazacilik.com\/index.php\/urun\/150hsh000917\/","title":{"rendered":"150HSH000917"},"content":{"rendered":"<p>150HSH000917<\/p>\n<p>VARADA 45X55 CM YUVARLAK SUPLA NATURAL-SIYAH<\/p>\n<div>%100 Ka\u011f\u0131t ip<\/div>\n<div>El \u00f6rg\u00fcs\u00fcd\u00fcr.<\/div>\n<div>Y\u0131kama yap\u0131lamaz<\/div>\n<div>\u00c7ama\u015f\u0131r suyu konamaz<\/div>\n<div>Kurutma makinesinde kurutulamaz<\/div>\n<div>\u00dct\u00fcleme yap\u0131lamaz<\/div>\n<div>Sadece nemli bez ile silinebilir<\/div>\n<div>\u00d6l\u00e7\u00fcler +\/- 5 cm de\u011fi\u015fkenlik g\u00f6sterebilir<\/div>\n<div><\/div>\n<div><\/div>\n<div>ALT GRUP: SOFRA<\/div>\n<div>\u00d6l\u00e7\u00fcler +\/- 5 cm de\u011fi\u015fkenlik g\u00f6sterebilir<\/div>\n","protected":false},"excerpt":{"rendered":"<p>150HSH000917 VARADA 45X55 CM YUVARLAK SUPLA NATURAL-SIYAH %100 Ka\u011f\u0131t ip El \u00f6rg\u00fcs\u00fcd\u00fcr. Y\u0131kama yap\u0131lamaz \u00c7ama\u015f\u0131r suyu konamaz Kurutma makinesinde kurutulamaz \u00dct\u00fcleme yap\u0131lamaz Sadece nemli bez ile silinebilir \u00d6l\u00e7\u00fcler +\/- 5 cm de\u011fi\u015fkenlik g\u00f6sterebilir ALT GRUP: SOFRA \u00d6l\u00e7\u00fcler +\/- 5 cm de\u011fi\u015fkenlik g\u00f6sterebilir<\/p>\n","protected":false},"featured_media":14779,"template":"","meta":[],"product_brand":[],"product_cat":[164],"product_tag":[3205],"class_list":{"0":"post-14778","1":"product","2":"type-product","3":"status-publish","4":"has-post-thumbnail","6":"product_cat-150hsh","7":"product_tag-150hsh000917","9":"first","10":"instock","11":"taxable","12":"shipping-taxable","13":"product-type-simple"},"_links":{"self":[{"href":"https:\/\/kervanmagazacilik.com\/index.php\/wp-json\/wp\/v2\/product\/14778","targetHints":{"allow":["GET"]}}],"collection":[{"href":"https:\/\/kervanmagazacilik.com\/index.php\/wp-json\/wp\/v2\/product"}],"about":[{"href":"https:\/\/kervanmagazacilik.com\/index.php\/wp-json\/wp\/v2\/types\/product"}],"wp:featuredmedia":[{"embeddable":true,"href":"https:\/\/kervanmagazacilik.com\/index.php\/wp-json\/wp\/v2\/media\/14779"}],"wp:attachment":[{"href":"https:\/\/kervanmagazacilik.com\/index.php\/wp-json\/wp\/v2\/media?parent=14778"}],"wp:term":[{"taxonomy":"product_brand","embeddable":true,"href":"https:\/\/kervanmagazacilik.com\/index.php\/wp-json\/wp\/v2\/product_brand?post=14778"},{"taxonomy":"product_cat","embeddable":true,"href":"https:\/\/kervanmagazacilik.com\/index.php\/wp-json\/wp\/v2\/product_cat?post=14778"},{"taxonomy":"product_tag","embeddable":true,"href":"https:\/\/kervanmagazacilik.com\/index.php\/wp-json\/wp\/v2\/product_tag?post=14778"}],"curies":[{"name":"wp","href":"https:\/\/api.w.org\/{rel}","templated":true}]}}