{"id":14724,"date":"2024-11-17T16:32:12","date_gmt":"2024-11-17T13:32:12","guid":{"rendered":"https:\/\/kervanmagazacilik.com\/?post_type=product&#038;p=14724"},"modified":"2024-11-17T16:32:13","modified_gmt":"2024-11-17T13:32:13","slug":"732ozv000215","status":"publish","type":"product","link":"https:\/\/kervanmagazacilik.com\/index.php\/urun\/732ozv000215\/","title":{"rendered":"732OZV000215"},"content":{"rendered":"<p>732OZV000215<\/p>\n<p>YAPRAKLI D\u0130KEY TABLO 60x90cm 65610634<\/p>\n<p>Kuru bezle toz al\u0131nmal\u0131d\u0131r. Asma aparatlar\u0131n\u0131n oldu\u011fu yerlerden as\u0131lmal\u0131d\u0131r. Ba\u015fka bir yerden asmay\u0131n\u0131z.<\/p>\n","protected":false},"excerpt":{"rendered":"<p>732OZV000215 YAPRAKLI D\u0130KEY TABLO 60x90cm 65610634 Kuru bezle toz al\u0131nmal\u0131d\u0131r. Asma aparatlar\u0131n\u0131n oldu\u011fu yerlerden as\u0131lmal\u0131d\u0131r. Ba\u015fka bir yerden asmay\u0131n\u0131z.<\/p>\n","protected":false},"featured_media":14725,"template":"","meta":[],"product_brand":[],"product_cat":[199],"product_tag":[3194],"class_list":{"0":"post-14724","1":"product","2":"type-product","3":"status-publish","4":"has-post-thumbnail","6":"product_cat-733ozv","7":"product_tag-732ozv000215","9":"first","10":"instock","11":"taxable","12":"shipping-taxable","13":"product-type-simple"},"_links":{"self":[{"href":"https:\/\/kervanmagazacilik.com\/index.php\/wp-json\/wp\/v2\/product\/14724","targetHints":{"allow":["GET"]}}],"collection":[{"href":"https:\/\/kervanmagazacilik.com\/index.php\/wp-json\/wp\/v2\/product"}],"about":[{"href":"https:\/\/kervanmagazacilik.com\/index.php\/wp-json\/wp\/v2\/types\/product"}],"wp:featuredmedia":[{"embeddable":true,"href":"https:\/\/kervanmagazacilik.com\/index.php\/wp-json\/wp\/v2\/media\/14725"}],"wp:attachment":[{"href":"https:\/\/kervanmagazacilik.com\/index.php\/wp-json\/wp\/v2\/media?parent=14724"}],"wp:term":[{"taxonomy":"product_brand","embeddable":true,"href":"https:\/\/kervanmagazacilik.com\/index.php\/wp-json\/wp\/v2\/product_brand?post=14724"},{"taxonomy":"product_cat","embeddable":true,"href":"https:\/\/kervanmagazacilik.com\/index.php\/wp-json\/wp\/v2\/product_cat?post=14724"},{"taxonomy":"product_tag","embeddable":true,"href":"https:\/\/kervanmagazacilik.com\/index.php\/wp-json\/wp\/v2\/product_tag?post=14724"}],"curies":[{"name":"wp","href":"https:\/\/api.w.org\/{rel}","templated":true}]}}