{"id":14411,"date":"2024-11-14T03:01:51","date_gmt":"2024-11-14T00:01:51","guid":{"rendered":"https:\/\/kervanmagazacilik.com\/?post_type=product&#038;p=14411"},"modified":"2024-11-14T03:01:51","modified_gmt":"2024-11-14T00:01:51","slug":"732ozv000110","status":"publish","type":"product","link":"https:\/\/kervanmagazacilik.com\/index.php\/urun\/732ozv000110\/","title":{"rendered":"732OZV000110"},"content":{"rendered":"<p>732OZV000110<\/p>\n<p>KRV-78 MAGIC EFEKTLI FIL DUVAR PANOSU 96x96cm<\/p>\n<p>Kuru bez ile toz al\u0131nmal\u0131d\u0131r.<\/p>\n","protected":false},"excerpt":{"rendered":"<p>732OZV000110 KRV-78 MAGIC EFEKTLI FIL DUVAR PANOSU 96x96cm Kuru bez ile toz al\u0131nmal\u0131d\u0131r.<\/p>\n","protected":false},"featured_media":14412,"template":"","meta":[],"product_brand":[],"product_cat":[194],"product_tag":[3108],"class_list":{"0":"post-14411","1":"product","2":"type-product","3":"status-publish","4":"has-post-thumbnail","6":"product_cat-732ozv","7":"product_tag-732ozv000110","9":"first","10":"instock","11":"taxable","12":"shipping-taxable","13":"product-type-simple"},"_links":{"self":[{"href":"https:\/\/kervanmagazacilik.com\/index.php\/wp-json\/wp\/v2\/product\/14411","targetHints":{"allow":["GET"]}}],"collection":[{"href":"https:\/\/kervanmagazacilik.com\/index.php\/wp-json\/wp\/v2\/product"}],"about":[{"href":"https:\/\/kervanmagazacilik.com\/index.php\/wp-json\/wp\/v2\/types\/product"}],"wp:featuredmedia":[{"embeddable":true,"href":"https:\/\/kervanmagazacilik.com\/index.php\/wp-json\/wp\/v2\/media\/14412"}],"wp:attachment":[{"href":"https:\/\/kervanmagazacilik.com\/index.php\/wp-json\/wp\/v2\/media?parent=14411"}],"wp:term":[{"taxonomy":"product_brand","embeddable":true,"href":"https:\/\/kervanmagazacilik.com\/index.php\/wp-json\/wp\/v2\/product_brand?post=14411"},{"taxonomy":"product_cat","embeddable":true,"href":"https:\/\/kervanmagazacilik.com\/index.php\/wp-json\/wp\/v2\/product_cat?post=14411"},{"taxonomy":"product_tag","embeddable":true,"href":"https:\/\/kervanmagazacilik.com\/index.php\/wp-json\/wp\/v2\/product_tag?post=14411"}],"curies":[{"name":"wp","href":"https:\/\/api.w.org\/{rel}","templated":true}]}}